{"id":1218,"date":"2022-10-13T13:14:33","date_gmt":"2022-10-13T13:14:33","guid":{"rendered":"https:\/\/opyce.com\/installacio-fotovoltaica-edifici-corporatiu\/"},"modified":"2022-10-13T13:21:17","modified_gmt":"2022-10-13T13:21:17","slug":"installacio-fotovoltaica-edifici-corporatiu","status":"publish","type":"page","link":"https:\/\/opyce.com\/ca\/installacio-fotovoltaica-edifici-corporatiu\/","title":{"rendered":"Instal\u00b7laci\u00f3 fotovoltaica edifici corporatiu"},"content":{"rendered":"<p>Gr\u00e0cies als Ajuts del Programa d&#8217;incentius lligats a l&#8217;autoconsum i emmagatzematge, amb fonts d&#8217;energia renovable i implantaci\u00f3 de sistemes t\u00e8rmics renovables, dins del Pla de Recuperaci\u00f3n, Transformaci\u00f3n y Resiliencia, finan\u00e7at per la Uni\u00f3 Europea en el marc del Programa Next Generation, hem pogut portar a terme una instal\u00b7laci\u00f3 fotovoltaica per autoconsum, a la teulada de l\u2019edifici corporatiu de 44 panells solars amb un total de 18,04 kWp.<\/p>\n","protected":false},"excerpt":{"rendered":"<p>Gr\u00e0cies als Ajuts del Programa d&#8217;incentius lligats a l&#8217;autoconsum i emmagatzematge, amb fonts d&#8217;energia renovable i implantaci\u00f3 de sistemes t\u00e8rmics renovables, dins del Pla de Recuperaci\u00f3n, Transformaci\u00f3n y Resiliencia, finan\u00e7at per la Uni\u00f3 Europea en el marc del Programa Next Generation, hem pogut portar a terme una instal\u00b7laci\u00f3 fotovoltaica per autoconsum, a la teulada de [&hellip;]<\/p>\n","protected":false},"author":1,"featured_media":0,"parent":0,"menu_order":0,"comment_status":"closed","ping_status":"closed","template":"page-social.php","meta":{"_acf_changed":false,"footnotes":""},"class_list":["post-1218","page","type-page","status-publish","hentry"],"acf":[],"yoast_head":"<!-- This site is optimized with the Yoast SEO plugin v24.3 - https:\/\/yoast.com\/wordpress\/plugins\/seo\/ -->\n<title>Instal\u00b7laci\u00f3 fotovoltaica edifici corporatiu - Opyce - Servicios El\u00e9ctricos<\/title>\n<meta name=\"robots\" content=\"index, follow, max-snippet:-1, max-image-preview:large, max-video-preview:-1\" \/>\n<link rel=\"canonical\" href=\"https:\/\/opyce.com\/ca\/installacio-fotovoltaica-edifici-corporatiu\/\" \/>\n<meta property=\"og:locale\" content=\"ca_ES\" \/>\n<meta property=\"og:type\" content=\"article\" \/>\n<meta property=\"og:title\" content=\"Instal\u00b7laci\u00f3 fotovoltaica edifici corporatiu - Opyce - Servicios El\u00e9ctricos\" \/>\n<meta property=\"og:description\" content=\"Gr\u00e0cies als Ajuts del Programa d&#8217;incentius lligats a l&#8217;autoconsum i emmagatzematge, amb fonts d&#8217;energia renovable i implantaci\u00f3 de sistemes t\u00e8rmics renovables, dins del Pla de Recuperaci\u00f3n, Transformaci\u00f3n y Resiliencia, finan\u00e7at per la Uni\u00f3 Europea en el marc del Programa Next Generation, hem pogut portar a terme una instal\u00b7laci\u00f3 fotovoltaica per autoconsum, a la teulada de [&hellip;]\" \/>\n<meta property=\"og:url\" content=\"https:\/\/opyce.com\/ca\/installacio-fotovoltaica-edifici-corporatiu\/\" \/>\n<meta property=\"og:site_name\" content=\"Opyce - Servicios El\u00e9ctricos\" \/>\n<meta property=\"article:modified_time\" content=\"2022-10-13T13:21:17+00:00\" \/>\n<meta name=\"twitter:card\" content=\"summary_large_image\" \/>\n<script type=\"application\/ld+json\" class=\"yoast-schema-graph\">{\"@context\":\"https:\/\/schema.org\",\"@graph\":[{\"@type\":\"WebPage\",\"@id\":\"https:\/\/opyce.com\/ca\/installacio-fotovoltaica-edifici-corporatiu\/\",\"url\":\"https:\/\/opyce.com\/ca\/installacio-fotovoltaica-edifici-corporatiu\/\",\"name\":\"Instal\u00b7laci\u00f3 fotovoltaica edifici corporatiu - Opyce - Servicios El\u00e9ctricos\",\"isPartOf\":{\"@id\":\"https:\/\/opyce.com\/#website\"},\"datePublished\":\"2022-10-13T13:14:33+00:00\",\"dateModified\":\"2022-10-13T13:21:17+00:00\",\"breadcrumb\":{\"@id\":\"https:\/\/opyce.com\/ca\/installacio-fotovoltaica-edifici-corporatiu\/#breadcrumb\"},\"inLanguage\":\"ca\",\"potentialAction\":[{\"@type\":\"ReadAction\",\"target\":[\"https:\/\/opyce.com\/ca\/installacio-fotovoltaica-edifici-corporatiu\/\"]}]},{\"@type\":\"BreadcrumbList\",\"@id\":\"https:\/\/opyce.com\/ca\/installacio-fotovoltaica-edifici-corporatiu\/#breadcrumb\",\"itemListElement\":[{\"@type\":\"ListItem\",\"position\":1,\"name\":\"Inici\",\"item\":\"https:\/\/opyce.com\/ca\/inici-2\/\"},{\"@type\":\"ListItem\",\"position\":2,\"name\":\"Instal\u00b7laci\u00f3 fotovoltaica edifici corporatiu\"}]},{\"@type\":\"WebSite\",\"@id\":\"https:\/\/opyce.com\/#website\",\"url\":\"https:\/\/opyce.com\/\",\"name\":\"Opyce - Servicios El\u00e9ctricos\",\"description\":\"Servicios El\u00e9ctricos\",\"potentialAction\":[{\"@type\":\"SearchAction\",\"target\":{\"@type\":\"EntryPoint\",\"urlTemplate\":\"https:\/\/opyce.com\/?s={search_term_string}\"},\"query-input\":{\"@type\":\"PropertyValueSpecification\",\"valueRequired\":true,\"valueName\":\"search_term_string\"}}],\"inLanguage\":\"ca\"}]}<\/script>\n<!-- \/ Yoast SEO plugin. -->","yoast_head_json":{"title":"Instal\u00b7laci\u00f3 fotovoltaica edifici corporatiu - Opyce - Servicios El\u00e9ctricos","robots":{"index":"index","follow":"follow","max-snippet":"max-snippet:-1","max-image-preview":"max-image-preview:large","max-video-preview":"max-video-preview:-1"},"canonical":"https:\/\/opyce.com\/ca\/installacio-fotovoltaica-edifici-corporatiu\/","og_locale":"ca_ES","og_type":"article","og_title":"Instal\u00b7laci\u00f3 fotovoltaica edifici corporatiu - Opyce - Servicios El\u00e9ctricos","og_description":"Gr\u00e0cies als Ajuts del Programa d&#8217;incentius lligats a l&#8217;autoconsum i emmagatzematge, amb fonts d&#8217;energia renovable i implantaci\u00f3 de sistemes t\u00e8rmics renovables, dins del Pla de Recuperaci\u00f3n, Transformaci\u00f3n y Resiliencia, finan\u00e7at per la Uni\u00f3 Europea en el marc del Programa Next Generation, hem pogut portar a terme una instal\u00b7laci\u00f3 fotovoltaica per autoconsum, a la teulada de [&hellip;]","og_url":"https:\/\/opyce.com\/ca\/installacio-fotovoltaica-edifici-corporatiu\/","og_site_name":"Opyce - Servicios El\u00e9ctricos","article_modified_time":"2022-10-13T13:21:17+00:00","twitter_card":"summary_large_image","schema":{"@context":"https:\/\/schema.org","@graph":[{"@type":"WebPage","@id":"https:\/\/opyce.com\/ca\/installacio-fotovoltaica-edifici-corporatiu\/","url":"https:\/\/opyce.com\/ca\/installacio-fotovoltaica-edifici-corporatiu\/","name":"Instal\u00b7laci\u00f3 fotovoltaica edifici corporatiu - Opyce - Servicios El\u00e9ctricos","isPartOf":{"@id":"https:\/\/opyce.com\/#website"},"datePublished":"2022-10-13T13:14:33+00:00","dateModified":"2022-10-13T13:21:17+00:00","breadcrumb":{"@id":"https:\/\/opyce.com\/ca\/installacio-fotovoltaica-edifici-corporatiu\/#breadcrumb"},"inLanguage":"ca","potentialAction":[{"@type":"ReadAction","target":["https:\/\/opyce.com\/ca\/installacio-fotovoltaica-edifici-corporatiu\/"]}]},{"@type":"BreadcrumbList","@id":"https:\/\/opyce.com\/ca\/installacio-fotovoltaica-edifici-corporatiu\/#breadcrumb","itemListElement":[{"@type":"ListItem","position":1,"name":"Inici","item":"https:\/\/opyce.com\/ca\/inici-2\/"},{"@type":"ListItem","position":2,"name":"Instal\u00b7laci\u00f3 fotovoltaica edifici corporatiu"}]},{"@type":"WebSite","@id":"https:\/\/opyce.com\/#website","url":"https:\/\/opyce.com\/","name":"Opyce - Servicios El\u00e9ctricos","description":"Servicios El\u00e9ctricos","potentialAction":[{"@type":"SearchAction","target":{"@type":"EntryPoint","urlTemplate":"https:\/\/opyce.com\/?s={search_term_string}"},"query-input":{"@type":"PropertyValueSpecification","valueRequired":true,"valueName":"search_term_string"}}],"inLanguage":"ca"}]}},"_links":{"self":[{"href":"https:\/\/opyce.com\/ca\/wp-json\/wp\/v2\/pages\/1218","targetHints":{"allow":["GET"]}}],"collection":[{"href":"https:\/\/opyce.com\/ca\/wp-json\/wp\/v2\/pages"}],"about":[{"href":"https:\/\/opyce.com\/ca\/wp-json\/wp\/v2\/types\/page"}],"author":[{"embeddable":true,"href":"https:\/\/opyce.com\/ca\/wp-json\/wp\/v2\/users\/1"}],"replies":[{"embeddable":true,"href":"https:\/\/opyce.com\/ca\/wp-json\/wp\/v2\/comments?post=1218"}],"version-history":[{"count":3,"href":"https:\/\/opyce.com\/ca\/wp-json\/wp\/v2\/pages\/1218\/revisions"}],"predecessor-version":[{"id":1223,"href":"https:\/\/opyce.com\/ca\/wp-json\/wp\/v2\/pages\/1218\/revisions\/1223"}],"wp:attachment":[{"href":"https:\/\/opyce.com\/ca\/wp-json\/wp\/v2\/media?parent=1218"}],"curies":[{"name":"wp","href":"https:\/\/api.w.org\/{rel}","templated":true}]}}