{"id":751,"date":"2021-08-30T06:56:54","date_gmt":"2021-08-30T06:56:54","guid":{"rendered":"https:\/\/opyce.com\/quienes-somos\/"},"modified":"2022-06-03T10:10:05","modified_gmt":"2022-06-03T10:10:05","slug":"qui-som","status":"publish","type":"page","link":"https:\/\/opyce.com\/ca\/qui-som\/","title":{"rendered":"Qui som"},"content":{"rendered":"<p>De l&#8217;esperit emprenedor de dos enginyers, <strong>opyce<\/strong> va n\u00e9ixer el 1959 com a \u201cOficina de projectes i c\u00e0lculs el\u00e8ctrics\u201d, amb la voluntat d&#8217;<strong>assessorar i intermediar entre les necessitats d\u2019energia el\u00e8ctrica dels clients i les companyies distribu\u00efdores.<\/strong><\/p>\n<p>Per poder oferir una atenci\u00f3 m\u00e9s personalitzada als nostres clients, durant els primers anys es van incorporar els Departaments d&#8217;<strong>Instal\u00b7lacions<\/strong> i d&#8217;<strong>Assessorament Energ\u00e8tic<\/strong>. M\u00e9s endavant, amb la liberalitzaci\u00f3 del mercat el\u00e8ctric (1997), vam posar encara m\u00e9s \u00e8mfasi en l&#8217;assessorament, enfocant-nos en donar <strong>solucions personalitzades a les necessitats dels nostres clients<\/strong>.<\/p>\n<p>A <strong>opyce<\/strong> guiem els nostres clients perqu\u00e8 puguin accedir al mercat el\u00e8ctric amb la finalitat de <strong>reduir els seus costos energ\u00e8tics<\/strong>. Un equip d\u2019experts analitza la facturaci\u00f3 energ\u00e8tica i assessora en totes les possibilitats de reducci\u00f3 de costos.<\/p>\n","protected":false},"excerpt":{"rendered":"<p>De l&#8217;esperit emprenedor de dos enginyers, opyce va n\u00e9ixer el 1959 com a \u201cOficina de projectes i c\u00e0lculs el\u00e8ctrics\u201d, amb la voluntat d&#8217;assessorar i intermediar entre les necessitats d\u2019energia el\u00e8ctrica dels clients i les companyies distribu\u00efdores. Per poder oferir una atenci\u00f3 m\u00e9s personalitzada als nostres clients, durant els primers anys es van incorporar els Departaments [&hellip;]<\/p>\n","protected":false},"author":1,"featured_media":0,"parent":0,"menu_order":0,"comment_status":"closed","ping_status":"closed","template":"page-quisom.php","meta":{"_acf_changed":false,"footnotes":""},"class_list":["post-751","page","type-page","status-publish","hentry"],"acf":[],"yoast_head":"<!-- This site is optimized with the Yoast SEO plugin v24.3 - https:\/\/yoast.com\/wordpress\/plugins\/seo\/ -->\n<title>Qui som - Opyce - Servicios El\u00e9ctricos<\/title>\n<meta name=\"robots\" content=\"index, follow, max-snippet:-1, max-image-preview:large, max-video-preview:-1\" \/>\n<link rel=\"canonical\" href=\"https:\/\/opyce.com\/ca\/qui-som\/\" \/>\n<meta property=\"og:locale\" content=\"ca_ES\" \/>\n<meta property=\"og:type\" content=\"article\" \/>\n<meta property=\"og:title\" content=\"Qui som - Opyce - Servicios El\u00e9ctricos\" \/>\n<meta property=\"og:description\" content=\"De l&#8217;esperit emprenedor de dos enginyers, opyce va n\u00e9ixer el 1959 com a \u201cOficina de projectes i c\u00e0lculs el\u00e8ctrics\u201d, amb la voluntat d&#8217;assessorar i intermediar entre les necessitats d\u2019energia el\u00e8ctrica dels clients i les companyies distribu\u00efdores. Per poder oferir una atenci\u00f3 m\u00e9s personalitzada als nostres clients, durant els primers anys es van incorporar els Departaments [&hellip;]\" \/>\n<meta property=\"og:url\" content=\"https:\/\/opyce.com\/ca\/qui-som\/\" \/>\n<meta property=\"og:site_name\" content=\"Opyce - Servicios El\u00e9ctricos\" \/>\n<meta property=\"article:modified_time\" content=\"2022-06-03T10:10:05+00:00\" \/>\n<meta name=\"twitter:card\" content=\"summary_large_image\" \/>\n<meta name=\"twitter:label1\" content=\"Temps estimat de lectura\" \/>\n\t<meta name=\"twitter:data1\" content=\"2 minuts\" \/>\n<script type=\"application\/ld+json\" class=\"yoast-schema-graph\">{\"@context\":\"https:\/\/schema.org\",\"@graph\":[{\"@type\":\"WebPage\",\"@id\":\"https:\/\/opyce.com\/ca\/qui-som\/\",\"url\":\"https:\/\/opyce.com\/ca\/qui-som\/\",\"name\":\"Qui som - Opyce - Servicios El\u00e9ctricos\",\"isPartOf\":{\"@id\":\"https:\/\/opyce.com\/#website\"},\"datePublished\":\"2021-08-30T06:56:54+00:00\",\"dateModified\":\"2022-06-03T10:10:05+00:00\",\"breadcrumb\":{\"@id\":\"https:\/\/opyce.com\/ca\/qui-som\/#breadcrumb\"},\"inLanguage\":\"ca\",\"potentialAction\":[{\"@type\":\"ReadAction\",\"target\":[\"https:\/\/opyce.com\/ca\/qui-som\/\"]}]},{\"@type\":\"BreadcrumbList\",\"@id\":\"https:\/\/opyce.com\/ca\/qui-som\/#breadcrumb\",\"itemListElement\":[{\"@type\":\"ListItem\",\"position\":1,\"name\":\"Inici\",\"item\":\"https:\/\/opyce.com\/ca\/inici-2\/\"},{\"@type\":\"ListItem\",\"position\":2,\"name\":\"Qui som\"}]},{\"@type\":\"WebSite\",\"@id\":\"https:\/\/opyce.com\/#website\",\"url\":\"https:\/\/opyce.com\/\",\"name\":\"Opyce - Servicios El\u00e9ctricos\",\"description\":\"Servicios El\u00e9ctricos\",\"potentialAction\":[{\"@type\":\"SearchAction\",\"target\":{\"@type\":\"EntryPoint\",\"urlTemplate\":\"https:\/\/opyce.com\/?s={search_term_string}\"},\"query-input\":{\"@type\":\"PropertyValueSpecification\",\"valueRequired\":true,\"valueName\":\"search_term_string\"}}],\"inLanguage\":\"ca\"}]}<\/script>\n<!-- \/ Yoast SEO plugin. -->","yoast_head_json":{"title":"Qui som - Opyce - Servicios El\u00e9ctricos","robots":{"index":"index","follow":"follow","max-snippet":"max-snippet:-1","max-image-preview":"max-image-preview:large","max-video-preview":"max-video-preview:-1"},"canonical":"https:\/\/opyce.com\/ca\/qui-som\/","og_locale":"ca_ES","og_type":"article","og_title":"Qui som - Opyce - Servicios El\u00e9ctricos","og_description":"De l&#8217;esperit emprenedor de dos enginyers, opyce va n\u00e9ixer el 1959 com a \u201cOficina de projectes i c\u00e0lculs el\u00e8ctrics\u201d, amb la voluntat d&#8217;assessorar i intermediar entre les necessitats d\u2019energia el\u00e8ctrica dels clients i les companyies distribu\u00efdores. Per poder oferir una atenci\u00f3 m\u00e9s personalitzada als nostres clients, durant els primers anys es van incorporar els Departaments [&hellip;]","og_url":"https:\/\/opyce.com\/ca\/qui-som\/","og_site_name":"Opyce - Servicios El\u00e9ctricos","article_modified_time":"2022-06-03T10:10:05+00:00","twitter_card":"summary_large_image","twitter_misc":{"Temps estimat de lectura":"2 minuts"},"schema":{"@context":"https:\/\/schema.org","@graph":[{"@type":"WebPage","@id":"https:\/\/opyce.com\/ca\/qui-som\/","url":"https:\/\/opyce.com\/ca\/qui-som\/","name":"Qui som - Opyce - Servicios El\u00e9ctricos","isPartOf":{"@id":"https:\/\/opyce.com\/#website"},"datePublished":"2021-08-30T06:56:54+00:00","dateModified":"2022-06-03T10:10:05+00:00","breadcrumb":{"@id":"https:\/\/opyce.com\/ca\/qui-som\/#breadcrumb"},"inLanguage":"ca","potentialAction":[{"@type":"ReadAction","target":["https:\/\/opyce.com\/ca\/qui-som\/"]}]},{"@type":"BreadcrumbList","@id":"https:\/\/opyce.com\/ca\/qui-som\/#breadcrumb","itemListElement":[{"@type":"ListItem","position":1,"name":"Inici","item":"https:\/\/opyce.com\/ca\/inici-2\/"},{"@type":"ListItem","position":2,"name":"Qui som"}]},{"@type":"WebSite","@id":"https:\/\/opyce.com\/#website","url":"https:\/\/opyce.com\/","name":"Opyce - Servicios El\u00e9ctricos","description":"Servicios El\u00e9ctricos","potentialAction":[{"@type":"SearchAction","target":{"@type":"EntryPoint","urlTemplate":"https:\/\/opyce.com\/?s={search_term_string}"},"query-input":{"@type":"PropertyValueSpecification","valueRequired":true,"valueName":"search_term_string"}}],"inLanguage":"ca"}]}},"_links":{"self":[{"href":"https:\/\/opyce.com\/ca\/wp-json\/wp\/v2\/pages\/751","targetHints":{"allow":["GET"]}}],"collection":[{"href":"https:\/\/opyce.com\/ca\/wp-json\/wp\/v2\/pages"}],"about":[{"href":"https:\/\/opyce.com\/ca\/wp-json\/wp\/v2\/types\/page"}],"author":[{"embeddable":true,"href":"https:\/\/opyce.com\/ca\/wp-json\/wp\/v2\/users\/1"}],"replies":[{"embeddable":true,"href":"https:\/\/opyce.com\/ca\/wp-json\/wp\/v2\/comments?post=751"}],"version-history":[{"count":4,"href":"https:\/\/opyce.com\/ca\/wp-json\/wp\/v2\/pages\/751\/revisions"}],"predecessor-version":[{"id":1078,"href":"https:\/\/opyce.com\/ca\/wp-json\/wp\/v2\/pages\/751\/revisions\/1078"}],"wp:attachment":[{"href":"https:\/\/opyce.com\/ca\/wp-json\/wp\/v2\/media?parent=751"}],"curies":[{"name":"wp","href":"https:\/\/api.w.org\/{rel}","templated":true}]}}