{"id":932,"date":"2022-03-03T08:53:33","date_gmt":"2022-03-03T08:53:33","guid":{"rendered":"https:\/\/opyce.com\/nuestro-compromiso-ambiental\/"},"modified":"2022-06-03T10:35:15","modified_gmt":"2022-06-03T10:35:15","slug":"el-nostre-compromis-ambiental","status":"publish","type":"page","link":"https:\/\/opyce.com\/ca\/el-nostre-compromis-ambiental\/","title":{"rendered":"El nostre comprom\u00eds ambiental"},"content":{"rendered":"<p>A <strong>opyce<\/strong> estem fermament compromesos a treballar per un <strong>consum energ\u00e8tic m\u00e9s eficient, intel\u00b7ligent i sostenible<\/strong>.<\/p>\n<p>La nostra <strong>experi\u00e8ncia de m\u00e9s de 40 anys a la generaci\u00f3 d&#8217;energies renovables<\/strong> ens impulsa a continuar promovent l&#8217;energia verda per deixar un m\u00f3n millor a les generacions del futur.<\/p>\n<p>A <strong>opyce<\/strong> donem servei i acompanyament per al compliment de diversos <strong>Objectius de Desenvolupament Sostenible (ODS)<\/strong>.<\/p>\n<p><img loading=\"lazy\" decoding=\"async\" class=\"aligncenter wp-image-717 size-full\" src=\"http:\/\/opyce.com\/wp-content\/uploads\/2022\/05\/ODS-ci\u0301rculo-1.jpg\" alt=\"\" width=\"1747\" height=\"1240\" srcset=\"https:\/\/opyce.com\/wp-content\/uploads\/2022\/05\/ODS-ci\u0301rculo-1.jpg 1747w, https:\/\/opyce.com\/wp-content\/uploads\/2022\/05\/ODS-ci\u0301rculo-1-300x213.jpg 300w, https:\/\/opyce.com\/wp-content\/uploads\/2022\/05\/ODS-ci\u0301rculo-1-1024x727.jpg 1024w, https:\/\/opyce.com\/wp-content\/uploads\/2022\/05\/ODS-ci\u0301rculo-1-768x545.jpg 768w, https:\/\/opyce.com\/wp-content\/uploads\/2022\/05\/ODS-ci\u0301rculo-1-1536x1090.jpg 1536w\" sizes=\"auto, (max-width: 1747px) 100vw, 1747px\" \/><\/p>\n","protected":false},"excerpt":{"rendered":"<p>A opyce estem fermament compromesos a treballar per un consum energ\u00e8tic m\u00e9s eficient, intel\u00b7ligent i sostenible. La nostra experi\u00e8ncia de m\u00e9s de 40 anys a la generaci\u00f3 d&#8217;energies renovables ens impulsa a continuar promovent l&#8217;energia verda per deixar un m\u00f3n millor a les generacions del futur. A opyce donem servei i acompanyament per al compliment [&hellip;]<\/p>\n","protected":false},"author":1,"featured_media":0,"parent":0,"menu_order":0,"comment_status":"closed","ping_status":"closed","template":"page-ambiental.php","meta":{"_acf_changed":false,"footnotes":""},"class_list":["post-932","page","type-page","status-publish","hentry"],"acf":[],"yoast_head":"<!-- This site is optimized with the Yoast SEO plugin v24.3 - https:\/\/yoast.com\/wordpress\/plugins\/seo\/ -->\n<title>El nostre comprom\u00eds ambiental - Opyce - Servicios El\u00e9ctricos<\/title>\n<meta name=\"robots\" content=\"index, follow, max-snippet:-1, max-image-preview:large, max-video-preview:-1\" \/>\n<link rel=\"canonical\" href=\"https:\/\/opyce.com\/ca\/el-nostre-compromis-ambiental\/\" \/>\n<meta property=\"og:locale\" content=\"ca_ES\" \/>\n<meta property=\"og:type\" content=\"article\" \/>\n<meta property=\"og:title\" content=\"El nostre comprom\u00eds ambiental - Opyce - Servicios El\u00e9ctricos\" \/>\n<meta property=\"og:description\" content=\"A opyce estem fermament compromesos a treballar per un consum energ\u00e8tic m\u00e9s eficient, intel\u00b7ligent i sostenible. La nostra experi\u00e8ncia de m\u00e9s de 40 anys a la generaci\u00f3 d&#8217;energies renovables ens impulsa a continuar promovent l&#8217;energia verda per deixar un m\u00f3n millor a les generacions del futur. A opyce donem servei i acompanyament per al compliment [&hellip;]\" \/>\n<meta property=\"og:url\" content=\"https:\/\/opyce.com\/ca\/el-nostre-compromis-ambiental\/\" \/>\n<meta property=\"og:site_name\" content=\"Opyce - Servicios El\u00e9ctricos\" \/>\n<meta property=\"article:modified_time\" content=\"2022-06-03T10:35:15+00:00\" \/>\n<meta name=\"twitter:card\" content=\"summary_large_image\" \/>\n<script type=\"application\/ld+json\" class=\"yoast-schema-graph\">{\"@context\":\"https:\/\/schema.org\",\"@graph\":[{\"@type\":\"WebPage\",\"@id\":\"https:\/\/opyce.com\/ca\/el-nostre-compromis-ambiental\/\",\"url\":\"https:\/\/opyce.com\/ca\/el-nostre-compromis-ambiental\/\",\"name\":\"El nostre comprom\u00eds ambiental - Opyce - Servicios El\u00e9ctricos\",\"isPartOf\":{\"@id\":\"https:\/\/opyce.com\/#website\"},\"datePublished\":\"2022-03-03T08:53:33+00:00\",\"dateModified\":\"2022-06-03T10:35:15+00:00\",\"breadcrumb\":{\"@id\":\"https:\/\/opyce.com\/ca\/el-nostre-compromis-ambiental\/#breadcrumb\"},\"inLanguage\":\"ca\",\"potentialAction\":[{\"@type\":\"ReadAction\",\"target\":[\"https:\/\/opyce.com\/ca\/el-nostre-compromis-ambiental\/\"]}]},{\"@type\":\"BreadcrumbList\",\"@id\":\"https:\/\/opyce.com\/ca\/el-nostre-compromis-ambiental\/#breadcrumb\",\"itemListElement\":[{\"@type\":\"ListItem\",\"position\":1,\"name\":\"Inici\",\"item\":\"https:\/\/opyce.com\/ca\/inici-2\/\"},{\"@type\":\"ListItem\",\"position\":2,\"name\":\"El nostre comprom\u00eds ambiental\"}]},{\"@type\":\"WebSite\",\"@id\":\"https:\/\/opyce.com\/#website\",\"url\":\"https:\/\/opyce.com\/\",\"name\":\"Opyce - Servicios El\u00e9ctricos\",\"description\":\"Servicios El\u00e9ctricos\",\"potentialAction\":[{\"@type\":\"SearchAction\",\"target\":{\"@type\":\"EntryPoint\",\"urlTemplate\":\"https:\/\/opyce.com\/?s={search_term_string}\"},\"query-input\":{\"@type\":\"PropertyValueSpecification\",\"valueRequired\":true,\"valueName\":\"search_term_string\"}}],\"inLanguage\":\"ca\"}]}<\/script>\n<!-- \/ Yoast SEO plugin. -->","yoast_head_json":{"title":"El nostre comprom\u00eds ambiental - Opyce - Servicios El\u00e9ctricos","robots":{"index":"index","follow":"follow","max-snippet":"max-snippet:-1","max-image-preview":"max-image-preview:large","max-video-preview":"max-video-preview:-1"},"canonical":"https:\/\/opyce.com\/ca\/el-nostre-compromis-ambiental\/","og_locale":"ca_ES","og_type":"article","og_title":"El nostre comprom\u00eds ambiental - Opyce - Servicios El\u00e9ctricos","og_description":"A opyce estem fermament compromesos a treballar per un consum energ\u00e8tic m\u00e9s eficient, intel\u00b7ligent i sostenible. La nostra experi\u00e8ncia de m\u00e9s de 40 anys a la generaci\u00f3 d&#8217;energies renovables ens impulsa a continuar promovent l&#8217;energia verda per deixar un m\u00f3n millor a les generacions del futur. A opyce donem servei i acompanyament per al compliment [&hellip;]","og_url":"https:\/\/opyce.com\/ca\/el-nostre-compromis-ambiental\/","og_site_name":"Opyce - Servicios El\u00e9ctricos","article_modified_time":"2022-06-03T10:35:15+00:00","twitter_card":"summary_large_image","schema":{"@context":"https:\/\/schema.org","@graph":[{"@type":"WebPage","@id":"https:\/\/opyce.com\/ca\/el-nostre-compromis-ambiental\/","url":"https:\/\/opyce.com\/ca\/el-nostre-compromis-ambiental\/","name":"El nostre comprom\u00eds ambiental - Opyce - Servicios El\u00e9ctricos","isPartOf":{"@id":"https:\/\/opyce.com\/#website"},"datePublished":"2022-03-03T08:53:33+00:00","dateModified":"2022-06-03T10:35:15+00:00","breadcrumb":{"@id":"https:\/\/opyce.com\/ca\/el-nostre-compromis-ambiental\/#breadcrumb"},"inLanguage":"ca","potentialAction":[{"@type":"ReadAction","target":["https:\/\/opyce.com\/ca\/el-nostre-compromis-ambiental\/"]}]},{"@type":"BreadcrumbList","@id":"https:\/\/opyce.com\/ca\/el-nostre-compromis-ambiental\/#breadcrumb","itemListElement":[{"@type":"ListItem","position":1,"name":"Inici","item":"https:\/\/opyce.com\/ca\/inici-2\/"},{"@type":"ListItem","position":2,"name":"El nostre comprom\u00eds ambiental"}]},{"@type":"WebSite","@id":"https:\/\/opyce.com\/#website","url":"https:\/\/opyce.com\/","name":"Opyce - Servicios El\u00e9ctricos","description":"Servicios El\u00e9ctricos","potentialAction":[{"@type":"SearchAction","target":{"@type":"EntryPoint","urlTemplate":"https:\/\/opyce.com\/?s={search_term_string}"},"query-input":{"@type":"PropertyValueSpecification","valueRequired":true,"valueName":"search_term_string"}}],"inLanguage":"ca"}]}},"_links":{"self":[{"href":"https:\/\/opyce.com\/ca\/wp-json\/wp\/v2\/pages\/932","targetHints":{"allow":["GET"]}}],"collection":[{"href":"https:\/\/opyce.com\/ca\/wp-json\/wp\/v2\/pages"}],"about":[{"href":"https:\/\/opyce.com\/ca\/wp-json\/wp\/v2\/types\/page"}],"author":[{"embeddable":true,"href":"https:\/\/opyce.com\/ca\/wp-json\/wp\/v2\/users\/1"}],"replies":[{"embeddable":true,"href":"https:\/\/opyce.com\/ca\/wp-json\/wp\/v2\/comments?post=932"}],"version-history":[{"count":5,"href":"https:\/\/opyce.com\/ca\/wp-json\/wp\/v2\/pages\/932\/revisions"}],"predecessor-version":[{"id":1092,"href":"https:\/\/opyce.com\/ca\/wp-json\/wp\/v2\/pages\/932\/revisions\/1092"}],"wp:attachment":[{"href":"https:\/\/opyce.com\/ca\/wp-json\/wp\/v2\/media?parent=932"}],"curies":[{"name":"wp","href":"https:\/\/api.w.org\/{rel}","templated":true}]}}