{"id":937,"date":"2022-02-24T14:16:07","date_gmt":"2022-02-24T14:16:07","guid":{"rendered":"https:\/\/opyce.com\/control-de-continuidad\/"},"modified":"2022-05-25T07:32:57","modified_gmt":"2022-05-25T07:32:57","slug":"control-de-continuitat","status":"publish","type":"page","link":"https:\/\/opyce.com\/ca\/control-de-continuitat\/","title":{"rendered":"Control de continu\u00eftat"},"content":{"rendered":"<p>A <strong>opyce<\/strong> som <strong>experts en implantar sistemes integrals de continu\u00eftat. Instal\u00b7lem SAI<\/strong> (Sistemes d&#8217;Alimentaci\u00f3 Ininterrompuda) <strong>i grups electr\u00f2gens<\/strong>, entre d&#8217;altres, i comptem amb un departament amb m\u00e9s de 20 anys d&#8217;experi\u00e8ncia en <strong>disseny, manteniment i conducci\u00f3 de Centres de Processament de Dades<\/strong>.<\/p>\n<p>L&#8217;energia dels nostres clients \u00e9s a les millors mans, des del disseny i implantaci\u00f3 dels sistemes de continu\u00eftat, fins a la gesti\u00f3 t\u00e8cnica amb un servei de 24h.<\/p>\n","protected":false},"excerpt":{"rendered":"<p>A opyce som experts en implantar sistemes integrals de continu\u00eftat. Instal\u00b7lem SAI (Sistemes d&#8217;Alimentaci\u00f3 Ininterrompuda) i grups electr\u00f2gens, entre d&#8217;altres, i comptem amb un departament amb m\u00e9s de 20 anys d&#8217;experi\u00e8ncia en disseny, manteniment i conducci\u00f3 de Centres de Processament de Dades. L&#8217;energia dels nostres clients \u00e9s a les millors mans, des del disseny i [&hellip;]<\/p>\n","protected":false},"author":1,"featured_media":0,"parent":0,"menu_order":0,"comment_status":"closed","ping_status":"closed","template":"page-serveis.php","meta":{"_acf_changed":false,"footnotes":""},"class_list":["post-937","page","type-page","status-publish","hentry"],"acf":[],"yoast_head":"<!-- This site is optimized with the Yoast SEO plugin v24.3 - https:\/\/yoast.com\/wordpress\/plugins\/seo\/ -->\n<title>Control de continu\u00eftat - Opyce - Servicios El\u00e9ctricos<\/title>\n<meta name=\"robots\" content=\"index, follow, max-snippet:-1, max-image-preview:large, max-video-preview:-1\" \/>\n<link rel=\"canonical\" href=\"https:\/\/opyce.com\/ca\/control-de-continuitat\/\" \/>\n<meta property=\"og:locale\" content=\"ca_ES\" \/>\n<meta property=\"og:type\" content=\"article\" \/>\n<meta property=\"og:title\" content=\"Control de continu\u00eftat - Opyce - Servicios El\u00e9ctricos\" \/>\n<meta property=\"og:description\" content=\"A opyce som experts en implantar sistemes integrals de continu\u00eftat. Instal\u00b7lem SAI (Sistemes d&#8217;Alimentaci\u00f3 Ininterrompuda) i grups electr\u00f2gens, entre d&#8217;altres, i comptem amb un departament amb m\u00e9s de 20 anys d&#8217;experi\u00e8ncia en disseny, manteniment i conducci\u00f3 de Centres de Processament de Dades. L&#8217;energia dels nostres clients \u00e9s a les millors mans, des del disseny i [&hellip;]\" \/>\n<meta property=\"og:url\" content=\"https:\/\/opyce.com\/ca\/control-de-continuitat\/\" \/>\n<meta property=\"og:site_name\" content=\"Opyce - Servicios El\u00e9ctricos\" \/>\n<meta property=\"article:modified_time\" content=\"2022-05-25T07:32:57+00:00\" \/>\n<meta name=\"twitter:card\" content=\"summary_large_image\" \/>\n<script type=\"application\/ld+json\" class=\"yoast-schema-graph\">{\"@context\":\"https:\/\/schema.org\",\"@graph\":[{\"@type\":\"WebPage\",\"@id\":\"https:\/\/opyce.com\/ca\/control-de-continuitat\/\",\"url\":\"https:\/\/opyce.com\/ca\/control-de-continuitat\/\",\"name\":\"Control de continu\u00eftat - Opyce - Servicios El\u00e9ctricos\",\"isPartOf\":{\"@id\":\"https:\/\/opyce.com\/#website\"},\"datePublished\":\"2022-02-24T14:16:07+00:00\",\"dateModified\":\"2022-05-25T07:32:57+00:00\",\"breadcrumb\":{\"@id\":\"https:\/\/opyce.com\/ca\/control-de-continuitat\/#breadcrumb\"},\"inLanguage\":\"ca\",\"potentialAction\":[{\"@type\":\"ReadAction\",\"target\":[\"https:\/\/opyce.com\/ca\/control-de-continuitat\/\"]}]},{\"@type\":\"BreadcrumbList\",\"@id\":\"https:\/\/opyce.com\/ca\/control-de-continuitat\/#breadcrumb\",\"itemListElement\":[{\"@type\":\"ListItem\",\"position\":1,\"name\":\"Inici\",\"item\":\"https:\/\/opyce.com\/ca\/inici-2\/\"},{\"@type\":\"ListItem\",\"position\":2,\"name\":\"Control de continu\u00eftat\"}]},{\"@type\":\"WebSite\",\"@id\":\"https:\/\/opyce.com\/#website\",\"url\":\"https:\/\/opyce.com\/\",\"name\":\"Opyce - Servicios El\u00e9ctricos\",\"description\":\"Servicios El\u00e9ctricos\",\"potentialAction\":[{\"@type\":\"SearchAction\",\"target\":{\"@type\":\"EntryPoint\",\"urlTemplate\":\"https:\/\/opyce.com\/?s={search_term_string}\"},\"query-input\":{\"@type\":\"PropertyValueSpecification\",\"valueRequired\":true,\"valueName\":\"search_term_string\"}}],\"inLanguage\":\"ca\"}]}<\/script>\n<!-- \/ Yoast SEO plugin. -->","yoast_head_json":{"title":"Control de continu\u00eftat - Opyce - Servicios El\u00e9ctricos","robots":{"index":"index","follow":"follow","max-snippet":"max-snippet:-1","max-image-preview":"max-image-preview:large","max-video-preview":"max-video-preview:-1"},"canonical":"https:\/\/opyce.com\/ca\/control-de-continuitat\/","og_locale":"ca_ES","og_type":"article","og_title":"Control de continu\u00eftat - Opyce - Servicios El\u00e9ctricos","og_description":"A opyce som experts en implantar sistemes integrals de continu\u00eftat. Instal\u00b7lem SAI (Sistemes d&#8217;Alimentaci\u00f3 Ininterrompuda) i grups electr\u00f2gens, entre d&#8217;altres, i comptem amb un departament amb m\u00e9s de 20 anys d&#8217;experi\u00e8ncia en disseny, manteniment i conducci\u00f3 de Centres de Processament de Dades. L&#8217;energia dels nostres clients \u00e9s a les millors mans, des del disseny i [&hellip;]","og_url":"https:\/\/opyce.com\/ca\/control-de-continuitat\/","og_site_name":"Opyce - Servicios El\u00e9ctricos","article_modified_time":"2022-05-25T07:32:57+00:00","twitter_card":"summary_large_image","schema":{"@context":"https:\/\/schema.org","@graph":[{"@type":"WebPage","@id":"https:\/\/opyce.com\/ca\/control-de-continuitat\/","url":"https:\/\/opyce.com\/ca\/control-de-continuitat\/","name":"Control de continu\u00eftat - Opyce - Servicios El\u00e9ctricos","isPartOf":{"@id":"https:\/\/opyce.com\/#website"},"datePublished":"2022-02-24T14:16:07+00:00","dateModified":"2022-05-25T07:32:57+00:00","breadcrumb":{"@id":"https:\/\/opyce.com\/ca\/control-de-continuitat\/#breadcrumb"},"inLanguage":"ca","potentialAction":[{"@type":"ReadAction","target":["https:\/\/opyce.com\/ca\/control-de-continuitat\/"]}]},{"@type":"BreadcrumbList","@id":"https:\/\/opyce.com\/ca\/control-de-continuitat\/#breadcrumb","itemListElement":[{"@type":"ListItem","position":1,"name":"Inici","item":"https:\/\/opyce.com\/ca\/inici-2\/"},{"@type":"ListItem","position":2,"name":"Control de continu\u00eftat"}]},{"@type":"WebSite","@id":"https:\/\/opyce.com\/#website","url":"https:\/\/opyce.com\/","name":"Opyce - Servicios El\u00e9ctricos","description":"Servicios El\u00e9ctricos","potentialAction":[{"@type":"SearchAction","target":{"@type":"EntryPoint","urlTemplate":"https:\/\/opyce.com\/?s={search_term_string}"},"query-input":{"@type":"PropertyValueSpecification","valueRequired":true,"valueName":"search_term_string"}}],"inLanguage":"ca"}]}},"_links":{"self":[{"href":"https:\/\/opyce.com\/ca\/wp-json\/wp\/v2\/pages\/937","targetHints":{"allow":["GET"]}}],"collection":[{"href":"https:\/\/opyce.com\/ca\/wp-json\/wp\/v2\/pages"}],"about":[{"href":"https:\/\/opyce.com\/ca\/wp-json\/wp\/v2\/types\/page"}],"author":[{"embeddable":true,"href":"https:\/\/opyce.com\/ca\/wp-json\/wp\/v2\/users\/1"}],"replies":[{"embeddable":true,"href":"https:\/\/opyce.com\/ca\/wp-json\/wp\/v2\/comments?post=937"}],"version-history":[{"count":4,"href":"https:\/\/opyce.com\/ca\/wp-json\/wp\/v2\/pages\/937\/revisions"}],"predecessor-version":[{"id":994,"href":"https:\/\/opyce.com\/ca\/wp-json\/wp\/v2\/pages\/937\/revisions\/994"}],"wp:attachment":[{"href":"https:\/\/opyce.com\/ca\/wp-json\/wp\/v2\/media?parent=937"}],"curies":[{"name":"wp","href":"https:\/\/api.w.org\/{rel}","templated":true}]}}