{"id":939,"date":"2022-02-24T13:44:44","date_gmt":"2022-02-24T13:44:44","guid":{"rendered":"https:\/\/opyce.com\/asesoramiento-energetico\/"},"modified":"2022-06-07T09:34:59","modified_gmt":"2022-06-07T09:34:59","slug":"assessorament-energetic","status":"publish","type":"page","link":"https:\/\/opyce.com\/ca\/assessorament-energetic\/","title":{"rendered":"Assessorament energ\u00e8tic"},"content":{"rendered":"<p>Un dels objectius principals d&#8217;<strong>opyce<\/strong> \u00e9s l&#8217;<strong>estalvi dels nostres clients en la gesti\u00f3 de costos energ\u00e8tics<\/strong>. Els nostres experts en enginyeria, instal\u00b7lacions el\u00e8ctriques i efici\u00e8ncia energ\u00e8tica, treballen per millorar la rendibilitat dels nostres clients, oferint m\u00faltiples <strong>serveis d&#8217;assessorament tant a la compra com a la venda d&#8217;electricitat i gas natural<\/strong>.<\/p>\n<p>Les col\u00b7laboracions d&#8217;<strong>opyce<\/strong> amb diverses organitzacions en l\u2019\u00e0mbit nacional ens permeten aconseguir estalvis significatius per als nostres clients, detectar i reclamar imports pagats indegudament i millorar-ne la rendibilitat global.<\/p>\n<p>La comptabilitat energ\u00e8tica \u00e9s el primer pas per assolir l&#8217;efici\u00e8ncia. Conscients d&#8217;aix\u00f2, a <strong>opyce<\/strong> oferim una <strong>assessoria m\u00e9s \u00e0mplia<\/strong>: a m\u00e9s dels serveis corresponents a la compra i venda d&#8217;energia, avancem cap a una <strong>comptabilitat i gesti\u00f3 energ\u00e8tica continuada<\/strong>.<\/p>\n<p>Despr\u00e9s d\u2019un estudi detallat de la viabilitat t\u00e8cnica, econ\u00f2mica i mediambiental, elaborem <strong>estrat\u00e8gies d\u2019efici\u00e8ncia i sostenibilitat energ\u00e8tica<\/strong> amb accions concretes i personalitzades per optimitzar els resultats dels nostres clients.<\/p>\n","protected":false},"excerpt":{"rendered":"<p>Un dels objectius principals d&#8217;opyce \u00e9s l&#8217;estalvi dels nostres clients en la gesti\u00f3 de costos energ\u00e8tics. Els nostres experts en enginyeria, instal\u00b7lacions el\u00e8ctriques i efici\u00e8ncia energ\u00e8tica, treballen per millorar la rendibilitat dels nostres clients, oferint m\u00faltiples serveis d&#8217;assessorament tant a la compra com a la venda d&#8217;electricitat i gas natural. Les col\u00b7laboracions d&#8217;opyce amb diverses [&hellip;]<\/p>\n","protected":false},"author":1,"featured_media":0,"parent":0,"menu_order":0,"comment_status":"closed","ping_status":"closed","template":"page-serveis.php","meta":{"_acf_changed":false,"footnotes":""},"class_list":["post-939","page","type-page","status-publish","hentry"],"acf":[],"yoast_head":"<!-- This site is optimized with the Yoast SEO plugin v24.3 - https:\/\/yoast.com\/wordpress\/plugins\/seo\/ -->\n<title>Assessorament energ\u00e8tic - Opyce - Servicios El\u00e9ctricos<\/title>\n<meta name=\"robots\" content=\"index, follow, max-snippet:-1, max-image-preview:large, max-video-preview:-1\" \/>\n<link rel=\"canonical\" href=\"https:\/\/opyce.com\/ca\/assessorament-energetic\/\" \/>\n<meta property=\"og:locale\" content=\"ca_ES\" \/>\n<meta property=\"og:type\" content=\"article\" \/>\n<meta property=\"og:title\" content=\"Assessorament energ\u00e8tic - Opyce - Servicios El\u00e9ctricos\" \/>\n<meta property=\"og:description\" content=\"Un dels objectius principals d&#8217;opyce \u00e9s l&#8217;estalvi dels nostres clients en la gesti\u00f3 de costos energ\u00e8tics. Els nostres experts en enginyeria, instal\u00b7lacions el\u00e8ctriques i efici\u00e8ncia energ\u00e8tica, treballen per millorar la rendibilitat dels nostres clients, oferint m\u00faltiples serveis d&#8217;assessorament tant a la compra com a la venda d&#8217;electricitat i gas natural. Les col\u00b7laboracions d&#8217;opyce amb diverses [&hellip;]\" \/>\n<meta property=\"og:url\" content=\"https:\/\/opyce.com\/ca\/assessorament-energetic\/\" \/>\n<meta property=\"og:site_name\" content=\"Opyce - Servicios El\u00e9ctricos\" \/>\n<meta property=\"article:modified_time\" content=\"2022-06-07T09:34:59+00:00\" \/>\n<meta name=\"twitter:card\" content=\"summary_large_image\" \/>\n<meta name=\"twitter:label1\" content=\"Temps estimat de lectura\" \/>\n\t<meta name=\"twitter:data1\" content=\"1 minut\" \/>\n<script type=\"application\/ld+json\" class=\"yoast-schema-graph\">{\"@context\":\"https:\/\/schema.org\",\"@graph\":[{\"@type\":\"WebPage\",\"@id\":\"https:\/\/opyce.com\/ca\/assessorament-energetic\/\",\"url\":\"https:\/\/opyce.com\/ca\/assessorament-energetic\/\",\"name\":\"Assessorament energ\u00e8tic - Opyce - Servicios El\u00e9ctricos\",\"isPartOf\":{\"@id\":\"https:\/\/opyce.com\/#website\"},\"datePublished\":\"2022-02-24T13:44:44+00:00\",\"dateModified\":\"2022-06-07T09:34:59+00:00\",\"breadcrumb\":{\"@id\":\"https:\/\/opyce.com\/ca\/assessorament-energetic\/#breadcrumb\"},\"inLanguage\":\"ca\",\"potentialAction\":[{\"@type\":\"ReadAction\",\"target\":[\"https:\/\/opyce.com\/ca\/assessorament-energetic\/\"]}]},{\"@type\":\"BreadcrumbList\",\"@id\":\"https:\/\/opyce.com\/ca\/assessorament-energetic\/#breadcrumb\",\"itemListElement\":[{\"@type\":\"ListItem\",\"position\":1,\"name\":\"Inici\",\"item\":\"https:\/\/opyce.com\/ca\/inici-2\/\"},{\"@type\":\"ListItem\",\"position\":2,\"name\":\"Assessorament energ\u00e8tic\"}]},{\"@type\":\"WebSite\",\"@id\":\"https:\/\/opyce.com\/#website\",\"url\":\"https:\/\/opyce.com\/\",\"name\":\"Opyce - Servicios El\u00e9ctricos\",\"description\":\"Servicios El\u00e9ctricos\",\"potentialAction\":[{\"@type\":\"SearchAction\",\"target\":{\"@type\":\"EntryPoint\",\"urlTemplate\":\"https:\/\/opyce.com\/?s={search_term_string}\"},\"query-input\":{\"@type\":\"PropertyValueSpecification\",\"valueRequired\":true,\"valueName\":\"search_term_string\"}}],\"inLanguage\":\"ca\"}]}<\/script>\n<!-- \/ Yoast SEO plugin. -->","yoast_head_json":{"title":"Assessorament energ\u00e8tic - Opyce - Servicios El\u00e9ctricos","robots":{"index":"index","follow":"follow","max-snippet":"max-snippet:-1","max-image-preview":"max-image-preview:large","max-video-preview":"max-video-preview:-1"},"canonical":"https:\/\/opyce.com\/ca\/assessorament-energetic\/","og_locale":"ca_ES","og_type":"article","og_title":"Assessorament energ\u00e8tic - Opyce - Servicios El\u00e9ctricos","og_description":"Un dels objectius principals d&#8217;opyce \u00e9s l&#8217;estalvi dels nostres clients en la gesti\u00f3 de costos energ\u00e8tics. Els nostres experts en enginyeria, instal\u00b7lacions el\u00e8ctriques i efici\u00e8ncia energ\u00e8tica, treballen per millorar la rendibilitat dels nostres clients, oferint m\u00faltiples serveis d&#8217;assessorament tant a la compra com a la venda d&#8217;electricitat i gas natural. Les col\u00b7laboracions d&#8217;opyce amb diverses [&hellip;]","og_url":"https:\/\/opyce.com\/ca\/assessorament-energetic\/","og_site_name":"Opyce - Servicios El\u00e9ctricos","article_modified_time":"2022-06-07T09:34:59+00:00","twitter_card":"summary_large_image","twitter_misc":{"Temps estimat de lectura":"1 minut"},"schema":{"@context":"https:\/\/schema.org","@graph":[{"@type":"WebPage","@id":"https:\/\/opyce.com\/ca\/assessorament-energetic\/","url":"https:\/\/opyce.com\/ca\/assessorament-energetic\/","name":"Assessorament energ\u00e8tic - Opyce - Servicios El\u00e9ctricos","isPartOf":{"@id":"https:\/\/opyce.com\/#website"},"datePublished":"2022-02-24T13:44:44+00:00","dateModified":"2022-06-07T09:34:59+00:00","breadcrumb":{"@id":"https:\/\/opyce.com\/ca\/assessorament-energetic\/#breadcrumb"},"inLanguage":"ca","potentialAction":[{"@type":"ReadAction","target":["https:\/\/opyce.com\/ca\/assessorament-energetic\/"]}]},{"@type":"BreadcrumbList","@id":"https:\/\/opyce.com\/ca\/assessorament-energetic\/#breadcrumb","itemListElement":[{"@type":"ListItem","position":1,"name":"Inici","item":"https:\/\/opyce.com\/ca\/inici-2\/"},{"@type":"ListItem","position":2,"name":"Assessorament energ\u00e8tic"}]},{"@type":"WebSite","@id":"https:\/\/opyce.com\/#website","url":"https:\/\/opyce.com\/","name":"Opyce - Servicios El\u00e9ctricos","description":"Servicios El\u00e9ctricos","potentialAction":[{"@type":"SearchAction","target":{"@type":"EntryPoint","urlTemplate":"https:\/\/opyce.com\/?s={search_term_string}"},"query-input":{"@type":"PropertyValueSpecification","valueRequired":true,"valueName":"search_term_string"}}],"inLanguage":"ca"}]}},"_links":{"self":[{"href":"https:\/\/opyce.com\/ca\/wp-json\/wp\/v2\/pages\/939","targetHints":{"allow":["GET"]}}],"collection":[{"href":"https:\/\/opyce.com\/ca\/wp-json\/wp\/v2\/pages"}],"about":[{"href":"https:\/\/opyce.com\/ca\/wp-json\/wp\/v2\/types\/page"}],"author":[{"embeddable":true,"href":"https:\/\/opyce.com\/ca\/wp-json\/wp\/v2\/users\/1"}],"replies":[{"embeddable":true,"href":"https:\/\/opyce.com\/ca\/wp-json\/wp\/v2\/comments?post=939"}],"version-history":[{"count":5,"href":"https:\/\/opyce.com\/ca\/wp-json\/wp\/v2\/pages\/939\/revisions"}],"predecessor-version":[{"id":1106,"href":"https:\/\/opyce.com\/ca\/wp-json\/wp\/v2\/pages\/939\/revisions\/1106"}],"wp:attachment":[{"href":"https:\/\/opyce.com\/ca\/wp-json\/wp\/v2\/media?parent=939"}],"curies":[{"name":"wp","href":"https:\/\/api.w.org\/{rel}","templated":true}]}}