{"id":940,"date":"2022-02-24T10:37:11","date_gmt":"2022-02-24T10:37:11","guid":{"rendered":"https:\/\/opyce.com\/instalaciones-electricas-de-media-y-baja-tension-e-ingenieria\/"},"modified":"2022-05-24T09:23:00","modified_gmt":"2022-05-24T09:23:00","slug":"instal-lacions-electriques-de-mitjana-i-baixa-tensio-i-enginyeria","status":"publish","type":"page","link":"https:\/\/opyce.com\/ca\/instal-lacions-electriques-de-mitjana-i-baixa-tensio-i-enginyeria\/","title":{"rendered":"Instal\u00b7lacions el\u00e8ctriques de mitjana i baixa tensi\u00f3, i enginyeria"},"content":{"rendered":"<p>A <strong>opyce<\/strong> som experts en desenvolupament de projectes industrials d&#8217;<strong>instal\u00b7lacions el\u00e8ctriques de mitjana i baixa tensi\u00f3<\/strong>.<\/p>\n<p>Comptem amb <strong>m\u00e9s de 60 anys d&#8217;experi\u00e8ncia desenvolupant projectes el\u00e8ctrics<\/strong> de tota mena i dimensi\u00f3: des d&#8217;obra nova a processos cr\u00edtics per aconseguir redund\u00e0ncies, optimitzar costos i modernitzar instal\u00b7lacions. Per aix\u00f2 comptem amb els millors enginyers, instal\u00b7ladors i quadristes el\u00e8ctrics.<\/p>\n<p>Treballem amb els clients des de l&#8217;inici del seu projecte amb el dimensionament de les instal\u00b7lacions el\u00e8ctriques (definici\u00f3 de c\u00e0rregues, pl\u00e0nols, esquemes unifilars, etc.) fins a l&#8217;execuci\u00f3 \u201cclau en m\u00e0\u201d de les mateixes, generant la documentaci\u00f3 t\u00e8cnica precisa i els corresponents expedients de legalitzaci\u00f3.<\/p>\n<p><strong>Dimensionem, racionalitzem, valorem i instal\u00b7lem qualsevol projecte el\u00e8ctric<\/strong>, treballant exhaustivament en tot el proc\u00e9s.<\/p>\n<p>&nbsp;<\/p>\n","protected":false},"excerpt":{"rendered":"<p>A opyce som experts en desenvolupament de projectes industrials d&#8217;instal\u00b7lacions el\u00e8ctriques de mitjana i baixa tensi\u00f3. Comptem amb m\u00e9s de 60 anys d&#8217;experi\u00e8ncia desenvolupant projectes el\u00e8ctrics de tota mena i dimensi\u00f3: des d&#8217;obra nova a processos cr\u00edtics per aconseguir redund\u00e0ncies, optimitzar costos i modernitzar instal\u00b7lacions. Per aix\u00f2 comptem amb els millors enginyers, instal\u00b7ladors i quadristes [&hellip;]<\/p>\n","protected":false},"author":1,"featured_media":0,"parent":0,"menu_order":0,"comment_status":"closed","ping_status":"closed","template":"page-serveis.php","meta":{"_acf_changed":false,"footnotes":""},"class_list":["post-940","page","type-page","status-publish","hentry"],"acf":[],"yoast_head":"<!-- This site is optimized with the Yoast SEO plugin v24.3 - https:\/\/yoast.com\/wordpress\/plugins\/seo\/ -->\n<title>Instal\u00b7lacions el\u00e8ctriques de mitjana i baixa tensi\u00f3, i enginyeria - Opyce - Servicios El\u00e9ctricos<\/title>\n<meta name=\"robots\" content=\"index, follow, max-snippet:-1, max-image-preview:large, max-video-preview:-1\" \/>\n<link rel=\"canonical\" href=\"https:\/\/opyce.com\/ca\/instal-lacions-electriques-de-mitjana-i-baixa-tensio-i-enginyeria\/\" \/>\n<meta property=\"og:locale\" content=\"ca_ES\" \/>\n<meta property=\"og:type\" content=\"article\" \/>\n<meta property=\"og:title\" content=\"Instal\u00b7lacions el\u00e8ctriques de mitjana i baixa tensi\u00f3, i enginyeria - Opyce - Servicios El\u00e9ctricos\" \/>\n<meta property=\"og:description\" content=\"A opyce som experts en desenvolupament de projectes industrials d&#8217;instal\u00b7lacions el\u00e8ctriques de mitjana i baixa tensi\u00f3. Comptem amb m\u00e9s de 60 anys d&#8217;experi\u00e8ncia desenvolupant projectes el\u00e8ctrics de tota mena i dimensi\u00f3: des d&#8217;obra nova a processos cr\u00edtics per aconseguir redund\u00e0ncies, optimitzar costos i modernitzar instal\u00b7lacions. Per aix\u00f2 comptem amb els millors enginyers, instal\u00b7ladors i quadristes [&hellip;]\" \/>\n<meta property=\"og:url\" content=\"https:\/\/opyce.com\/ca\/instal-lacions-electriques-de-mitjana-i-baixa-tensio-i-enginyeria\/\" \/>\n<meta property=\"og:site_name\" content=\"Opyce - Servicios El\u00e9ctricos\" \/>\n<meta property=\"article:modified_time\" content=\"2022-05-24T09:23:00+00:00\" \/>\n<meta name=\"twitter:card\" content=\"summary_large_image\" \/>\n<meta name=\"twitter:label1\" content=\"Temps estimat de lectura\" \/>\n\t<meta name=\"twitter:data1\" content=\"1 minut\" \/>\n<script type=\"application\/ld+json\" class=\"yoast-schema-graph\">{\"@context\":\"https:\/\/schema.org\",\"@graph\":[{\"@type\":\"WebPage\",\"@id\":\"https:\/\/opyce.com\/ca\/instal-lacions-electriques-de-mitjana-i-baixa-tensio-i-enginyeria\/\",\"url\":\"https:\/\/opyce.com\/ca\/instal-lacions-electriques-de-mitjana-i-baixa-tensio-i-enginyeria\/\",\"name\":\"Instal\u00b7lacions el\u00e8ctriques de mitjana i baixa tensi\u00f3, i enginyeria - Opyce - Servicios El\u00e9ctricos\",\"isPartOf\":{\"@id\":\"https:\/\/opyce.com\/#website\"},\"datePublished\":\"2022-02-24T10:37:11+00:00\",\"dateModified\":\"2022-05-24T09:23:00+00:00\",\"breadcrumb\":{\"@id\":\"https:\/\/opyce.com\/ca\/instal-lacions-electriques-de-mitjana-i-baixa-tensio-i-enginyeria\/#breadcrumb\"},\"inLanguage\":\"ca\",\"potentialAction\":[{\"@type\":\"ReadAction\",\"target\":[\"https:\/\/opyce.com\/ca\/instal-lacions-electriques-de-mitjana-i-baixa-tensio-i-enginyeria\/\"]}]},{\"@type\":\"BreadcrumbList\",\"@id\":\"https:\/\/opyce.com\/ca\/instal-lacions-electriques-de-mitjana-i-baixa-tensio-i-enginyeria\/#breadcrumb\",\"itemListElement\":[{\"@type\":\"ListItem\",\"position\":1,\"name\":\"Inici\",\"item\":\"https:\/\/opyce.com\/ca\/inici-2\/\"},{\"@type\":\"ListItem\",\"position\":2,\"name\":\"Instal\u00b7lacions el\u00e8ctriques de mitjana i baixa tensi\u00f3, i enginyeria\"}]},{\"@type\":\"WebSite\",\"@id\":\"https:\/\/opyce.com\/#website\",\"url\":\"https:\/\/opyce.com\/\",\"name\":\"Opyce - Servicios El\u00e9ctricos\",\"description\":\"Servicios El\u00e9ctricos\",\"potentialAction\":[{\"@type\":\"SearchAction\",\"target\":{\"@type\":\"EntryPoint\",\"urlTemplate\":\"https:\/\/opyce.com\/?s={search_term_string}\"},\"query-input\":{\"@type\":\"PropertyValueSpecification\",\"valueRequired\":true,\"valueName\":\"search_term_string\"}}],\"inLanguage\":\"ca\"}]}<\/script>\n<!-- \/ Yoast SEO plugin. -->","yoast_head_json":{"title":"Instal\u00b7lacions el\u00e8ctriques de mitjana i baixa tensi\u00f3, i enginyeria - Opyce - Servicios El\u00e9ctricos","robots":{"index":"index","follow":"follow","max-snippet":"max-snippet:-1","max-image-preview":"max-image-preview:large","max-video-preview":"max-video-preview:-1"},"canonical":"https:\/\/opyce.com\/ca\/instal-lacions-electriques-de-mitjana-i-baixa-tensio-i-enginyeria\/","og_locale":"ca_ES","og_type":"article","og_title":"Instal\u00b7lacions el\u00e8ctriques de mitjana i baixa tensi\u00f3, i enginyeria - Opyce - Servicios El\u00e9ctricos","og_description":"A opyce som experts en desenvolupament de projectes industrials d&#8217;instal\u00b7lacions el\u00e8ctriques de mitjana i baixa tensi\u00f3. Comptem amb m\u00e9s de 60 anys d&#8217;experi\u00e8ncia desenvolupant projectes el\u00e8ctrics de tota mena i dimensi\u00f3: des d&#8217;obra nova a processos cr\u00edtics per aconseguir redund\u00e0ncies, optimitzar costos i modernitzar instal\u00b7lacions. Per aix\u00f2 comptem amb els millors enginyers, instal\u00b7ladors i quadristes [&hellip;]","og_url":"https:\/\/opyce.com\/ca\/instal-lacions-electriques-de-mitjana-i-baixa-tensio-i-enginyeria\/","og_site_name":"Opyce - Servicios El\u00e9ctricos","article_modified_time":"2022-05-24T09:23:00+00:00","twitter_card":"summary_large_image","twitter_misc":{"Temps estimat de lectura":"1 minut"},"schema":{"@context":"https:\/\/schema.org","@graph":[{"@type":"WebPage","@id":"https:\/\/opyce.com\/ca\/instal-lacions-electriques-de-mitjana-i-baixa-tensio-i-enginyeria\/","url":"https:\/\/opyce.com\/ca\/instal-lacions-electriques-de-mitjana-i-baixa-tensio-i-enginyeria\/","name":"Instal\u00b7lacions el\u00e8ctriques de mitjana i baixa tensi\u00f3, i enginyeria - Opyce - Servicios El\u00e9ctricos","isPartOf":{"@id":"https:\/\/opyce.com\/#website"},"datePublished":"2022-02-24T10:37:11+00:00","dateModified":"2022-05-24T09:23:00+00:00","breadcrumb":{"@id":"https:\/\/opyce.com\/ca\/instal-lacions-electriques-de-mitjana-i-baixa-tensio-i-enginyeria\/#breadcrumb"},"inLanguage":"ca","potentialAction":[{"@type":"ReadAction","target":["https:\/\/opyce.com\/ca\/instal-lacions-electriques-de-mitjana-i-baixa-tensio-i-enginyeria\/"]}]},{"@type":"BreadcrumbList","@id":"https:\/\/opyce.com\/ca\/instal-lacions-electriques-de-mitjana-i-baixa-tensio-i-enginyeria\/#breadcrumb","itemListElement":[{"@type":"ListItem","position":1,"name":"Inici","item":"https:\/\/opyce.com\/ca\/inici-2\/"},{"@type":"ListItem","position":2,"name":"Instal\u00b7lacions el\u00e8ctriques de mitjana i baixa tensi\u00f3, i enginyeria"}]},{"@type":"WebSite","@id":"https:\/\/opyce.com\/#website","url":"https:\/\/opyce.com\/","name":"Opyce - Servicios El\u00e9ctricos","description":"Servicios El\u00e9ctricos","potentialAction":[{"@type":"SearchAction","target":{"@type":"EntryPoint","urlTemplate":"https:\/\/opyce.com\/?s={search_term_string}"},"query-input":{"@type":"PropertyValueSpecification","valueRequired":true,"valueName":"search_term_string"}}],"inLanguage":"ca"}]}},"_links":{"self":[{"href":"https:\/\/opyce.com\/ca\/wp-json\/wp\/v2\/pages\/940","targetHints":{"allow":["GET"]}}],"collection":[{"href":"https:\/\/opyce.com\/ca\/wp-json\/wp\/v2\/pages"}],"about":[{"href":"https:\/\/opyce.com\/ca\/wp-json\/wp\/v2\/types\/page"}],"author":[{"embeddable":true,"href":"https:\/\/opyce.com\/ca\/wp-json\/wp\/v2\/users\/1"}],"replies":[{"embeddable":true,"href":"https:\/\/opyce.com\/ca\/wp-json\/wp\/v2\/comments?post=940"}],"version-history":[{"count":3,"href":"https:\/\/opyce.com\/ca\/wp-json\/wp\/v2\/pages\/940\/revisions"}],"predecessor-version":[{"id":975,"href":"https:\/\/opyce.com\/ca\/wp-json\/wp\/v2\/pages\/940\/revisions\/975"}],"wp:attachment":[{"href":"https:\/\/opyce.com\/ca\/wp-json\/wp\/v2\/media?parent=940"}],"curies":[{"name":"wp","href":"https:\/\/api.w.org\/{rel}","templated":true}]}}