{"id":942,"date":"2022-02-24T08:26:31","date_gmt":"2022-02-24T08:26:31","guid":{"rendered":"https:\/\/opyce.com\/energias-renovables\/"},"modified":"2022-05-25T07:32:15","modified_gmt":"2022-05-25T07:32:15","slug":"energies-renovables","status":"publish","type":"page","link":"https:\/\/opyce.com\/ca\/energies-renovables\/","title":{"rendered":"Energies renovables"},"content":{"rendered":"<p>A <strong>opyce<\/strong> estem compromesos a treballar per un m\u00f3n millor, amb un <strong>consum energ\u00e8tic m\u00e9s eficient<\/strong> i <strong>minimitzant l&#8217;impacte de la contaminaci\u00f3<\/strong>.<\/p>\n<p>En el transcurs de m\u00e9s de 40 anys treballant en la generaci\u00f3 d&#8217;energia el\u00e8ctrica, hem participat en el <strong>disseny, el muntatge, l&#8217;automatitzaci\u00f3 i l&#8217;explotaci\u00f3 de centrals hidroel\u00e8ctriques, cogeneracions i plantes fotovoltaiques<\/strong>.<\/p>\n<p>Som especialistes en crear i gestionar <strong>projectes d&#8217;implantaci\u00f3 de minicentrals hidroel\u00e8ctriques i altres fonts d&#8217;energia renovable<\/strong> i actualment comptem amb m\u00e9s de 25 centrals hidroel\u00e8ctriques en explotaci\u00f3 integral.<\/p>\n<p><strong>Opyce<\/strong> incentiva les energies m\u00e9s netes, eficients i de menor impacte pel nostre planeta.<\/p>\n","protected":false},"excerpt":{"rendered":"<p>A opyce estem compromesos a treballar per un m\u00f3n millor, amb un consum energ\u00e8tic m\u00e9s eficient i minimitzant l&#8217;impacte de la contaminaci\u00f3. En el transcurs de m\u00e9s de 40 anys treballant en la generaci\u00f3 d&#8217;energia el\u00e8ctrica, hem participat en el disseny, el muntatge, l&#8217;automatitzaci\u00f3 i l&#8217;explotaci\u00f3 de centrals hidroel\u00e8ctriques, cogeneracions i plantes fotovoltaiques. Som especialistes [&hellip;]<\/p>\n","protected":false},"author":1,"featured_media":0,"parent":0,"menu_order":0,"comment_status":"closed","ping_status":"closed","template":"page-serveis.php","meta":{"_acf_changed":false,"footnotes":""},"class_list":["post-942","page","type-page","status-publish","hentry"],"acf":[],"yoast_head":"<!-- This site is optimized with the Yoast SEO plugin v24.3 - https:\/\/yoast.com\/wordpress\/plugins\/seo\/ -->\n<title>Energies renovables - Opyce - Servicios El\u00e9ctricos<\/title>\n<meta name=\"robots\" content=\"index, follow, max-snippet:-1, max-image-preview:large, max-video-preview:-1\" \/>\n<link rel=\"canonical\" href=\"https:\/\/opyce.com\/ca\/energies-renovables\/\" \/>\n<meta property=\"og:locale\" content=\"ca_ES\" \/>\n<meta property=\"og:type\" content=\"article\" \/>\n<meta property=\"og:title\" content=\"Energies renovables - Opyce - Servicios El\u00e9ctricos\" \/>\n<meta property=\"og:description\" content=\"A opyce estem compromesos a treballar per un m\u00f3n millor, amb un consum energ\u00e8tic m\u00e9s eficient i minimitzant l&#8217;impacte de la contaminaci\u00f3. En el transcurs de m\u00e9s de 40 anys treballant en la generaci\u00f3 d&#8217;energia el\u00e8ctrica, hem participat en el disseny, el muntatge, l&#8217;automatitzaci\u00f3 i l&#8217;explotaci\u00f3 de centrals hidroel\u00e8ctriques, cogeneracions i plantes fotovoltaiques. Som especialistes [&hellip;]\" \/>\n<meta property=\"og:url\" content=\"https:\/\/opyce.com\/ca\/energies-renovables\/\" \/>\n<meta property=\"og:site_name\" content=\"Opyce - Servicios El\u00e9ctricos\" \/>\n<meta property=\"article:modified_time\" content=\"2022-05-25T07:32:15+00:00\" \/>\n<meta name=\"twitter:card\" content=\"summary_large_image\" \/>\n<meta name=\"twitter:label1\" content=\"Temps estimat de lectura\" \/>\n\t<meta name=\"twitter:data1\" content=\"1 minut\" \/>\n<script type=\"application\/ld+json\" class=\"yoast-schema-graph\">{\"@context\":\"https:\/\/schema.org\",\"@graph\":[{\"@type\":\"WebPage\",\"@id\":\"https:\/\/opyce.com\/ca\/energies-renovables\/\",\"url\":\"https:\/\/opyce.com\/ca\/energies-renovables\/\",\"name\":\"Energies renovables - Opyce - Servicios El\u00e9ctricos\",\"isPartOf\":{\"@id\":\"https:\/\/opyce.com\/#website\"},\"datePublished\":\"2022-02-24T08:26:31+00:00\",\"dateModified\":\"2022-05-25T07:32:15+00:00\",\"breadcrumb\":{\"@id\":\"https:\/\/opyce.com\/ca\/energies-renovables\/#breadcrumb\"},\"inLanguage\":\"ca\",\"potentialAction\":[{\"@type\":\"ReadAction\",\"target\":[\"https:\/\/opyce.com\/ca\/energies-renovables\/\"]}]},{\"@type\":\"BreadcrumbList\",\"@id\":\"https:\/\/opyce.com\/ca\/energies-renovables\/#breadcrumb\",\"itemListElement\":[{\"@type\":\"ListItem\",\"position\":1,\"name\":\"Inici\",\"item\":\"https:\/\/opyce.com\/ca\/inici-2\/\"},{\"@type\":\"ListItem\",\"position\":2,\"name\":\"Energies renovables\"}]},{\"@type\":\"WebSite\",\"@id\":\"https:\/\/opyce.com\/#website\",\"url\":\"https:\/\/opyce.com\/\",\"name\":\"Opyce - Servicios El\u00e9ctricos\",\"description\":\"Servicios El\u00e9ctricos\",\"potentialAction\":[{\"@type\":\"SearchAction\",\"target\":{\"@type\":\"EntryPoint\",\"urlTemplate\":\"https:\/\/opyce.com\/?s={search_term_string}\"},\"query-input\":{\"@type\":\"PropertyValueSpecification\",\"valueRequired\":true,\"valueName\":\"search_term_string\"}}],\"inLanguage\":\"ca\"}]}<\/script>\n<!-- \/ Yoast SEO plugin. -->","yoast_head_json":{"title":"Energies renovables - Opyce - Servicios El\u00e9ctricos","robots":{"index":"index","follow":"follow","max-snippet":"max-snippet:-1","max-image-preview":"max-image-preview:large","max-video-preview":"max-video-preview:-1"},"canonical":"https:\/\/opyce.com\/ca\/energies-renovables\/","og_locale":"ca_ES","og_type":"article","og_title":"Energies renovables - Opyce - Servicios El\u00e9ctricos","og_description":"A opyce estem compromesos a treballar per un m\u00f3n millor, amb un consum energ\u00e8tic m\u00e9s eficient i minimitzant l&#8217;impacte de la contaminaci\u00f3. En el transcurs de m\u00e9s de 40 anys treballant en la generaci\u00f3 d&#8217;energia el\u00e8ctrica, hem participat en el disseny, el muntatge, l&#8217;automatitzaci\u00f3 i l&#8217;explotaci\u00f3 de centrals hidroel\u00e8ctriques, cogeneracions i plantes fotovoltaiques. Som especialistes [&hellip;]","og_url":"https:\/\/opyce.com\/ca\/energies-renovables\/","og_site_name":"Opyce - Servicios El\u00e9ctricos","article_modified_time":"2022-05-25T07:32:15+00:00","twitter_card":"summary_large_image","twitter_misc":{"Temps estimat de lectura":"1 minut"},"schema":{"@context":"https:\/\/schema.org","@graph":[{"@type":"WebPage","@id":"https:\/\/opyce.com\/ca\/energies-renovables\/","url":"https:\/\/opyce.com\/ca\/energies-renovables\/","name":"Energies renovables - Opyce - Servicios El\u00e9ctricos","isPartOf":{"@id":"https:\/\/opyce.com\/#website"},"datePublished":"2022-02-24T08:26:31+00:00","dateModified":"2022-05-25T07:32:15+00:00","breadcrumb":{"@id":"https:\/\/opyce.com\/ca\/energies-renovables\/#breadcrumb"},"inLanguage":"ca","potentialAction":[{"@type":"ReadAction","target":["https:\/\/opyce.com\/ca\/energies-renovables\/"]}]},{"@type":"BreadcrumbList","@id":"https:\/\/opyce.com\/ca\/energies-renovables\/#breadcrumb","itemListElement":[{"@type":"ListItem","position":1,"name":"Inici","item":"https:\/\/opyce.com\/ca\/inici-2\/"},{"@type":"ListItem","position":2,"name":"Energies renovables"}]},{"@type":"WebSite","@id":"https:\/\/opyce.com\/#website","url":"https:\/\/opyce.com\/","name":"Opyce - Servicios El\u00e9ctricos","description":"Servicios El\u00e9ctricos","potentialAction":[{"@type":"SearchAction","target":{"@type":"EntryPoint","urlTemplate":"https:\/\/opyce.com\/?s={search_term_string}"},"query-input":{"@type":"PropertyValueSpecification","valueRequired":true,"valueName":"search_term_string"}}],"inLanguage":"ca"}]}},"_links":{"self":[{"href":"https:\/\/opyce.com\/ca\/wp-json\/wp\/v2\/pages\/942","targetHints":{"allow":["GET"]}}],"collection":[{"href":"https:\/\/opyce.com\/ca\/wp-json\/wp\/v2\/pages"}],"about":[{"href":"https:\/\/opyce.com\/ca\/wp-json\/wp\/v2\/types\/page"}],"author":[{"embeddable":true,"href":"https:\/\/opyce.com\/ca\/wp-json\/wp\/v2\/users\/1"}],"replies":[{"embeddable":true,"href":"https:\/\/opyce.com\/ca\/wp-json\/wp\/v2\/comments?post=942"}],"version-history":[{"count":2,"href":"https:\/\/opyce.com\/ca\/wp-json\/wp\/v2\/pages\/942\/revisions"}],"predecessor-version":[{"id":998,"href":"https:\/\/opyce.com\/ca\/wp-json\/wp\/v2\/pages\/942\/revisions\/998"}],"wp:attachment":[{"href":"https:\/\/opyce.com\/ca\/wp-json\/wp\/v2\/media?parent=942"}],"curies":[{"name":"wp","href":"https:\/\/api.w.org\/{rel}","templated":true}]}}