{"id":955,"date":"2021-09-20T13:03:03","date_gmt":"2021-09-20T13:03:03","guid":{"rendered":"https:\/\/opyce.com\/contactar\/"},"modified":"2022-05-24T15:08:07","modified_gmt":"2022-05-24T15:08:07","slug":"contactar","status":"publish","type":"page","link":"https:\/\/opyce.com\/ca\/contactar\/","title":{"rendered":"Contactar"},"content":{"rendered":"<p>Per a qualsevol consulta, dubte o comentari podeu completar el seg\u00fcent formulari i al m\u00e9s aviat possible ens posarem en contacte amb vost\u00e8.<\/p>\n\n<div class=\"wpcf7 no-js\" id=\"wpcf7-f1039-o1\" lang=\"es-ES\" dir=\"ltr\" data-wpcf7-id=\"1039\">\n<div class=\"screen-reader-response\"><p role=\"status\" aria-live=\"polite\" aria-atomic=\"true\"><\/p> <ul><\/ul><\/div>\n<form action=\"\/ca\/wp-json\/wp\/v2\/pages\/955#wpcf7-f1039-o1\" method=\"post\" class=\"wpcf7-form init\" aria-label=\"Formulario de contacto\" novalidate=\"novalidate\" data-status=\"init\">\n<fieldset class=\"hidden-fields-container\"><input type=\"hidden\" name=\"_wpcf7\" value=\"1039\" \/><input type=\"hidden\" name=\"_wpcf7_version\" value=\"6.1.5\" \/><input type=\"hidden\" name=\"_wpcf7_locale\" value=\"es_ES\" \/><input type=\"hidden\" name=\"_wpcf7_unit_tag\" value=\"wpcf7-f1039-o1\" \/><input type=\"hidden\" name=\"_wpcf7_container_post\" value=\"0\" \/><input type=\"hidden\" name=\"_wpcf7_posted_data_hash\" value=\"\" \/><input type=\"hidden\" name=\"_wpcf7_recaptcha_response\" value=\"\" \/>\n<\/fieldset>\n<div class=\"row pregunta justify-content-center text-left\">\n\t<div class=\"col-12 col-md-6\">\n\t\t<p><span class=\"wpcf7-form-control-wrap\" data-name=\"nom\"><input size=\"40\" maxlength=\"400\" class=\"wpcf7-form-control wpcf7-text wpcf7-validates-as-required medium-input margin-25px-top mb-0\" aria-required=\"true\" aria-invalid=\"false\" placeholder=\"Nom i cognoms\" value=\"\" type=\"text\" name=\"nom\" \/><\/span><br \/>\n<span class=\"wpcf7-form-control-wrap\" data-name=\"email-616\"><input size=\"40\" maxlength=\"400\" class=\"wpcf7-form-control wpcf7-email wpcf7-validates-as-required wpcf7-text wpcf7-validates-as-email medium-input margin-25px-top mb-0\" aria-required=\"true\" aria-invalid=\"false\" placeholder=\"E-mail\" value=\"\" type=\"email\" name=\"email-616\" \/><\/span><br \/>\n<span class=\"wpcf7-form-control-wrap\" data-name=\"tel\"><input size=\"40\" maxlength=\"400\" class=\"wpcf7-form-control wpcf7-text wpcf7-validates-as-required medium-input margin-25px-top mb-0\" aria-required=\"true\" aria-invalid=\"false\" placeholder=\"Tel\u00e8fon\" value=\"\" type=\"text\" name=\"tel\" \/><\/span><br \/>\n<span class=\"wpcf7-form-control-wrap\" data-name=\"menu-408\"><select class=\"wpcf7-form-control wpcf7-select wpcf7-validates-as-required medium-input margin-25px-top mb-0\" aria-required=\"true\" aria-invalid=\"false\" name=\"menu-408\"><option value=\"\">Departament:<\/option><option value=\"Instal\u00b7lacions industrials mitjana i baixa tensi\u00f3 i enginyeria\">Instal\u00b7lacions industrials mitjana i baixa tensi\u00f3 i enginyeria<\/option><option value=\"Assessorament energ\u00e8tic\">Assessorament energ\u00e8tic<\/option><option value=\"Control de continu\u00eftat\">Control de continu\u00eftat<\/option><option value=\"Energies Renovables\">Energies Renovables<\/option><option value=\"Altres\">Altres<\/option><\/select><\/span>\n\t\t<\/p>\n\t<\/div>\n\t<div class=\"col-12 col-md-6\">\n\t\t<p><span class=\"wpcf7-form-control-wrap\" data-name=\"missatge\"><textarea cols=\"40\" rows=\"10\" maxlength=\"2000\" class=\"wpcf7-form-control wpcf7-textarea wpcf7-validates-as-required medium-textarea h-270px margin-25px-top mb-0\" aria-required=\"true\" aria-invalid=\"false\" placeholder=\"Missatge\" name=\"missatge\"><\/textarea><\/span>\n\t\t<\/p>\n\t<\/div>\n\t<div class=\"col-md-6 margin-25px-top\">\n\t\t<p><span class=\"wpcf7-form-control-wrap\" data-name=\"acceptance-860\"><span class=\"wpcf7-form-control wpcf7-acceptance\"><span class=\"wpcf7-list-item\"><input type=\"checkbox\" name=\"acceptance-860\" value=\"1\" aria-invalid=\"false\" \/><\/span><\/span><\/span><span class=\"text-small  d-inline-block align-top w-85\">Accepto els termes i condicions i entenc que les meves dades es conservaran de forma segura d'acord amb la nostra <a href=\"https:\/\/opyce.com\/ca\/politica-de-privadesa\/\" target=\"_blank\" class=\"text-decoration-underline text-extra-dark-gray\">pol\u00edtica de privadesa<\/a><\/span>\n\t\t<\/p>\n\t<\/div>\n\t<div class=\"col text-center text-md-end margin-25px-top\">\n\t\t<p><input class=\"wpcf7-form-control wpcf7-submit has-spinner um-button btn btn-large btn-primary d-table d-lg-inline-block lg-margin-15px-bottom md-margin-auto-lr\" type=\"submit\" value=\"Enviar missatge\" \/>\n\t\t<\/p>\n\t<\/div>\n<\/div><p style=\"display: none !important;\" class=\"akismet-fields-container\" data-prefix=\"_wpcf7_ak_\"><label>&#916;<textarea name=\"_wpcf7_ak_hp_textarea\" cols=\"45\" rows=\"8\" maxlength=\"100\"><\/textarea><\/label><input type=\"hidden\" id=\"ak_js_1\" name=\"_wpcf7_ak_js\" value=\"18\"\/><script>document.getElementById( \"ak_js_1\" ).setAttribute( \"value\", ( new Date() ).getTime() );<\/script><\/p><div class=\"wpcf7-response-output\" aria-hidden=\"true\"><\/div>\n<\/form>\n<\/div>\n\n","protected":false},"excerpt":{"rendered":"<p>Per a qualsevol consulta, dubte o comentari podeu completar el seg\u00fcent formulari i al m\u00e9s aviat possible ens posarem en contacte amb vost\u00e8.<\/p>\n","protected":false},"author":1,"featured_media":0,"parent":0,"menu_order":0,"comment_status":"closed","ping_status":"closed","template":"page-contactar.php","meta":{"_acf_changed":false,"footnotes":""},"class_list":["post-955","page","type-page","status-publish","hentry"],"acf":[],"yoast_head":"<!-- This site is optimized with the Yoast SEO plugin v24.3 - https:\/\/yoast.com\/wordpress\/plugins\/seo\/ -->\n<title>Contactar - Opyce - Servicios El\u00e9ctricos<\/title>\n<meta name=\"robots\" content=\"index, follow, max-snippet:-1, max-image-preview:large, max-video-preview:-1\" \/>\n<link rel=\"canonical\" href=\"https:\/\/opyce.com\/ca\/contactar\/\" \/>\n<meta property=\"og:locale\" content=\"ca_ES\" \/>\n<meta property=\"og:type\" content=\"article\" \/>\n<meta property=\"og:title\" content=\"Contactar - Opyce - Servicios El\u00e9ctricos\" \/>\n<meta property=\"og:description\" content=\"Per a qualsevol consulta, dubte o comentari podeu completar el seg\u00fcent formulari i al m\u00e9s aviat possible ens posarem en contacte amb vost\u00e8.\" \/>\n<meta property=\"og:url\" content=\"https:\/\/opyce.com\/ca\/contactar\/\" \/>\n<meta property=\"og:site_name\" content=\"Opyce - Servicios El\u00e9ctricos\" \/>\n<meta property=\"article:modified_time\" content=\"2022-05-24T15:08:07+00:00\" \/>\n<meta name=\"twitter:card\" content=\"summary_large_image\" \/>\n<script type=\"application\/ld+json\" class=\"yoast-schema-graph\">{\"@context\":\"https:\/\/schema.org\",\"@graph\":[{\"@type\":\"WebPage\",\"@id\":\"https:\/\/opyce.com\/ca\/contactar\/\",\"url\":\"https:\/\/opyce.com\/ca\/contactar\/\",\"name\":\"Contactar - Opyce - Servicios El\u00e9ctricos\",\"isPartOf\":{\"@id\":\"https:\/\/opyce.com\/#website\"},\"datePublished\":\"2021-09-20T13:03:03+00:00\",\"dateModified\":\"2022-05-24T15:08:07+00:00\",\"breadcrumb\":{\"@id\":\"https:\/\/opyce.com\/ca\/contactar\/#breadcrumb\"},\"inLanguage\":\"ca\",\"potentialAction\":[{\"@type\":\"ReadAction\",\"target\":[\"https:\/\/opyce.com\/ca\/contactar\/\"]}]},{\"@type\":\"BreadcrumbList\",\"@id\":\"https:\/\/opyce.com\/ca\/contactar\/#breadcrumb\",\"itemListElement\":[{\"@type\":\"ListItem\",\"position\":1,\"name\":\"Inici\",\"item\":\"https:\/\/opyce.com\/ca\/inici-2\/\"},{\"@type\":\"ListItem\",\"position\":2,\"name\":\"Contactar\"}]},{\"@type\":\"WebSite\",\"@id\":\"https:\/\/opyce.com\/#website\",\"url\":\"https:\/\/opyce.com\/\",\"name\":\"Opyce - Servicios El\u00e9ctricos\",\"description\":\"Servicios El\u00e9ctricos\",\"potentialAction\":[{\"@type\":\"SearchAction\",\"target\":{\"@type\":\"EntryPoint\",\"urlTemplate\":\"https:\/\/opyce.com\/?s={search_term_string}\"},\"query-input\":{\"@type\":\"PropertyValueSpecification\",\"valueRequired\":true,\"valueName\":\"search_term_string\"}}],\"inLanguage\":\"ca\"}]}<\/script>\n<!-- \/ Yoast SEO plugin. -->","yoast_head_json":{"title":"Contactar - Opyce - Servicios El\u00e9ctricos","robots":{"index":"index","follow":"follow","max-snippet":"max-snippet:-1","max-image-preview":"max-image-preview:large","max-video-preview":"max-video-preview:-1"},"canonical":"https:\/\/opyce.com\/ca\/contactar\/","og_locale":"ca_ES","og_type":"article","og_title":"Contactar - Opyce - Servicios El\u00e9ctricos","og_description":"Per a qualsevol consulta, dubte o comentari podeu completar el seg\u00fcent formulari i al m\u00e9s aviat possible ens posarem en contacte amb vost\u00e8.","og_url":"https:\/\/opyce.com\/ca\/contactar\/","og_site_name":"Opyce - Servicios El\u00e9ctricos","article_modified_time":"2022-05-24T15:08:07+00:00","twitter_card":"summary_large_image","schema":{"@context":"https:\/\/schema.org","@graph":[{"@type":"WebPage","@id":"https:\/\/opyce.com\/ca\/contactar\/","url":"https:\/\/opyce.com\/ca\/contactar\/","name":"Contactar - Opyce - Servicios El\u00e9ctricos","isPartOf":{"@id":"https:\/\/opyce.com\/#website"},"datePublished":"2021-09-20T13:03:03+00:00","dateModified":"2022-05-24T15:08:07+00:00","breadcrumb":{"@id":"https:\/\/opyce.com\/ca\/contactar\/#breadcrumb"},"inLanguage":"ca","potentialAction":[{"@type":"ReadAction","target":["https:\/\/opyce.com\/ca\/contactar\/"]}]},{"@type":"BreadcrumbList","@id":"https:\/\/opyce.com\/ca\/contactar\/#breadcrumb","itemListElement":[{"@type":"ListItem","position":1,"name":"Inici","item":"https:\/\/opyce.com\/ca\/inici-2\/"},{"@type":"ListItem","position":2,"name":"Contactar"}]},{"@type":"WebSite","@id":"https:\/\/opyce.com\/#website","url":"https:\/\/opyce.com\/","name":"Opyce - Servicios El\u00e9ctricos","description":"Servicios El\u00e9ctricos","potentialAction":[{"@type":"SearchAction","target":{"@type":"EntryPoint","urlTemplate":"https:\/\/opyce.com\/?s={search_term_string}"},"query-input":{"@type":"PropertyValueSpecification","valueRequired":true,"valueName":"search_term_string"}}],"inLanguage":"ca"}]}},"_links":{"self":[{"href":"https:\/\/opyce.com\/ca\/wp-json\/wp\/v2\/pages\/955","targetHints":{"allow":["GET"]}}],"collection":[{"href":"https:\/\/opyce.com\/ca\/wp-json\/wp\/v2\/pages"}],"about":[{"href":"https:\/\/opyce.com\/ca\/wp-json\/wp\/v2\/types\/page"}],"author":[{"embeddable":true,"href":"https:\/\/opyce.com\/ca\/wp-json\/wp\/v2\/users\/1"}],"replies":[{"embeddable":true,"href":"https:\/\/opyce.com\/ca\/wp-json\/wp\/v2\/comments?post=955"}],"version-history":[{"count":3,"href":"https:\/\/opyce.com\/ca\/wp-json\/wp\/v2\/pages\/955\/revisions"}],"predecessor-version":[{"id":1040,"href":"https:\/\/opyce.com\/ca\/wp-json\/wp\/v2\/pages\/955\/revisions\/1040"}],"wp:attachment":[{"href":"https:\/\/opyce.com\/ca\/wp-json\/wp\/v2\/media?parent=955"}],"curies":[{"name":"wp","href":"https:\/\/api.w.org\/{rel}","templated":true}]}}