{"id":954,"date":"2021-09-21T06:34:58","date_gmt":"2021-09-21T06:34:58","guid":{"rendered":"https:\/\/opyce.com\/aviso-legal\/"},"modified":"2022-05-25T15:58:48","modified_gmt":"2022-05-25T15:58:48","slug":"aviso-legal","status":"publish","type":"page","link":"https:\/\/opyce.com\/en\/aviso-legal\/","title":{"rendered":"Legal notice"},"content":{"rendered":"<h3 class=\"western\" lang=\"es-ES\" align=\"justify\">Responsable del sitio web<\/h3>\n<p class=\"western\" lang=\"fr-FR\" align=\"justify\"><span lang=\"es-ES\">En cumplimiento con el deber de informaci\u00f3n recogido en art\u00edculo 10 de la Ley 34\/2002, de 11 de julio, de Servicios de la Sociedad de la Informaci\u00f3n y del Comercio Electr\u00f3nico, los datos aqu\u00ed consignados corresponden a la entidad titular de esta Web\u00a0www.opyce.com<\/span><\/p>\n<p class=\"western\" lang=\"fr-FR\" align=\"justify\"><span lang=\"it-IT\">Titular<\/span><span lang=\"it-IT\">: OPYCE, S.A.<\/span><\/p>\n<p class=\"western\" lang=\"fr-FR\"><span lang=\"it-IT\">Domicilio social<\/span><span lang=\"it-IT\">:\u00a0<\/span><span lang=\"ca-ES\">08402 \u2013 Granollers (Barcelona), calle Girona, n\u00ba 37.<\/span><\/p>\n<p class=\"western\" lang=\"fr-FR\" align=\"justify\"><span lang=\"it-IT\">Tfno.<\/span><span lang=\"it-IT\">:\u00a0<\/span><span lang=\"ca-ES\">(+34)\u00a0<\/span><span lang=\"ca-ES\">93 860 07 33<\/span><\/p>\n<p class=\"western\" lang=\"fr-FR\" align=\"justify\"><span lang=\"it-IT\">E-mail<\/span><span lang=\"it-IT\">: info@opyce.com<\/span><\/p>\n<h3 class=\"western\" lang=\"es-ES\" style=\"text-align: left;\" align=\"center\">Condiciones Generales de Utilizaci\u00f3n<\/h3>\n<h3 class=\"western\" lang=\"es-ES\" align=\"justify\">1. Limitaciones de uso.<\/h3>\n<p class=\"western\" lang=\"fr-FR\" align=\"justify\"><span lang=\"es-ES\">El acceso a este sitio web tiene car\u00e1cter gratuito y su visualizaci\u00f3n no requiere previa suscripci\u00f3n o registro alguno. Los usuarios deber\u00e1n utilizar la informaci\u00f3n contenida en este sitio web en cumplimiento de la legislaci\u00f3n aplicable en cada caso, respetando los derechos de propiedad intelectual de OPYCE, S.A. o terceros.<\/span><\/p>\n<p class=\"western\" lang=\"fr-FR\" align=\"justify\"><span lang=\"es-ES\">El usuario no realizar\u00e1 a trav\u00e9s de los servicios que pone a su disposici\u00f3n OPYCE, S.A. ninguna acci\u00f3n que cause da\u00f1o o alteraciones en los contenidos, ni obstaculizar\u00e1 el buen funcionamiento del sitio web. No causar\u00e1 problemas t\u00e9cnicos de ninguna \u00edndole, transfiriendo elementos susceptibles de portar virus inform\u00e1ticos o de da\u00f1ar, interferir o interceptar total o parcialmente la presente web.<\/span><\/p>\n<p class=\"western\" lang=\"fr-FR\" align=\"justify\"><span lang=\"es-ES\">En ning\u00fan caso OPYCE, S.A. ser\u00e1 responsable del uso inadecuado de este sitio web o de sus contenidos, o de las consecuencias que dicho uso pueda originar.<\/span><\/p>\n<h3 class=\"western\" lang=\"es-ES\" align=\"justify\">2. Limitaci\u00f3n de responsabilidad.<\/h3>\n<p class=\"western\" lang=\"fr-FR\" align=\"justify\"><span lang=\"es-ES\">OPYCE, S.A. no garantiza que sus p\u00e1ginas se encuentren operativas, ni que sus contenidos sean completos, exactos o fiables en todo momento. OPYCE, S.A. se reserva el derecho a modificar en cualquier momento, sin previo aviso, los contenidos de este sitio web y las Condiciones Generales de Acceso.<\/span><\/p>\n<p class=\"western\" lang=\"fr-FR\" align=\"justify\"><span lang=\"es-ES\">En caso de efectuar operaciones de mantenimiento, reparaci\u00f3n, actualizaci\u00f3n o mejora de los servicios, OPYCE, S.A. tiene el derecho a suspender temporalmente y sin necesidad de preaviso el acceso al presente sitio web, as\u00ed como a reservarse el derecho de prestaci\u00f3n o cancelaci\u00f3n de los servicios, sin perjuicio de lo cual procurar\u00e1 ponerlo en conocimiento de los usuarios, siempre que las circunstancias as\u00ed se lo permitan.<\/span><\/p>\n<p class=\"western\" lang=\"es-ES\" align=\"justify\">De esta forma, se excluye cualquier responsabilidad por los da\u00f1os y perjuicios de cualquier naturaleza que puedan derivarse de la falta de disponibilidad o de continuidad del funcionamiento del sitio y de sus servicios y la utilidad que los usuarios hubieran podido atribuir al presente sitio web.<\/p>\n<h3 class=\"western\" lang=\"es-ES\" align=\"justify\">3. Propiedad Intelectual.<\/h3>\n<p class=\"western\" lang=\"es-ES\" align=\"justify\">La totalidad de este sitio web y las partes que lo componen se encuentran protegidas por las leyes espa\u00f1olas e internacionales sobre propiedad Intelectual e Industrial.<\/p>\n<p class=\"western\" lang=\"fr-FR\" align=\"justify\"><span lang=\"es-ES\">Los derechos de propiedad intelectual sobre los contenidos de este sitio web pertenecen a OPYCE, S.A., salvo aqu\u00e9llos de empresas con las que haya firmado el correspondiente contrato para la provisi\u00f3n de contenidos y est\u00e1n protegidos por las normas nacionales e internacionales de propiedad intelectual e industrial.<\/span><\/p>\n<p class=\"western\" lang=\"fr-FR\" align=\"justify\"><span lang=\"es-ES\">El ejercicio de los derechos de reproducci\u00f3n, distribuci\u00f3n, comunicaci\u00f3n p\u00fablica y transformaci\u00f3n de los contenidos es exclusivo de OPYCE, S.A., sin perjuicio del ejercicio por parte de terceros del derecho a cita.<\/span><\/p>\n<p class=\"western\" lang=\"es-ES\" align=\"justify\">El usuario que acceda a esta web no puede copiar, modificar, distribuir, transmitir, reproducir, publicar, ceder, vender los elementos anteriormente mencionados o crear nuevos productos o servicios derivados de la informaci\u00f3n obtenida sin citar expresamente su procedencia.<\/p>\n<p class=\"western\" lang=\"fr-FR\" align=\"justify\"><span lang=\"es-ES\">\u00danicamente queda autorizada la visualizaci\u00f3n y carga para el uso personal y no comercial del usuario, sin que pueda hacerlo extensivo a terceras personas o entidades. Queda expresamente prohibida la alteraci\u00f3n del contenido o estructura de este sitio web por parte del usuario sin el permiso expreso y por escrito de OPYCE, S.A. Cualquier utilizaci\u00f3n de este sitio web o de sus contenidos contraria a la normativa vigente podr\u00e1 ser perseguida.<\/span><\/p>\n<h3 class=\"western\" lang=\"es-ES\" align=\"justify\">4. Protecci\u00f3n de datos personales.<\/h3>\n<p class=\"western\" lang=\"fr-FR\" align=\"justify\"><span lang=\"es-ES\">El usuario que facilite sus datos personales es el \u00fanico responsable de la veracidad y correcci\u00f3n de los datos incluidos, quedando OPYCE, S.A. exonerada de cualquier responsabilidad al respecto.<\/span><\/p>\n<p class=\"western\" lang=\"fr-FR\" align=\"justify\"><span lang=\"es-ES\">Los datos personales que suministre el usuario pasar\u00e1n a formar parte de un fichero automatizado propiedad de OPYCE, S.A. que ser\u00e1 tratado de forma confidencial conforme a la Ley Org\u00e1nica 15\/1999, de 13 de diciembre de Protecci\u00f3n de Datos Personales.<\/span><\/p>\n<p class=\"western\" lang=\"fr-FR\" align=\"justify\"><span lang=\"es-ES\">En virtud de lo dispuesto en los art\u00edculos 4, 5 y 6 de la Ley Org\u00e1nica 15\/1999 de 13 de diciembre, OPYCE, S.A. pone en su conocimiento que dispone de un fichero con datos de car\u00e1cter personal.<\/span><\/p>\n<p class=\"western\" lang=\"fr-FR\" align=\"justify\"><span lang=\"es-ES\">Mediante el suministro de sus datos, el usuario autoriza el tratamiento automatizado de los mismos con los fines indicados por el sitio web. El usuario podr\u00e1 ejercer en cualquier momento su derecho de acceso, rectificaci\u00f3n, cancelaci\u00f3n y oposici\u00f3n de sus datos dirigi\u00e9ndose a OPYCE, S.A. con domicilio social en\u00a0<\/span><span lang=\"ca-ES\">08402 \u2013 Granollers (Barcelona), calle Girona, n\u00ba 37\u00a0<\/span><span lang=\"es-ES\">o bien contactando con esta sociedad a trav\u00e9s de la siguiente direcci\u00f3n de correo electr\u00f3nico: lopd@opyce.com<\/span><span lang=\"es-ES\">.<\/span><\/p>\n<h3 class=\"western\" lang=\"es-ES\" align=\"justify\">5. V\u00ednculos o enlaces hipertextuales.<\/h3>\n<p class=\"western\" lang=\"fr-FR\" align=\"justify\"><span lang=\"es-ES\">Ning\u00fan tercero podr\u00e1 establecer relaci\u00f3n de \u2018framing\u2019 entre sus p\u00e1ginas web y el presente sitio web. En relaci\u00f3n con los enlaces incluidos en el presente sitio web dirigidos a otros sitios no gestionados por OPYCE, S.A., esta empresa manifiesta que no ejerce control alguno sobre dichos sitios, ni es responsable del contenido de los mismos.<\/span><\/p>\n<p class=\"western\" lang=\"es-ES\" align=\"justify\">Los v\u00ednculos que este sitio web pueda contener se ofrecen, \u00fanicamente, a modo de referencias informativas, sin ning\u00fan tipo de valoraci\u00f3n sobre los contenidos, propietarios, servicios o productos ofrecidos desde los mismos.<\/p>\n<h3 class=\"western\" lang=\"es-ES\" align=\"justify\">6. Cookies.<\/h3>\n<p class=\"western\" lang=\"es-ES\" align=\"justify\">Le informamos igualmente que para mejorar tu experiencia de navegaci\u00f3n, gestionar el contenido de tu registro, ofrecerte nuestros consejos personalizados, e informarte online de nuestras ofertas para clientes o socios, nuestra p\u00e1gina web utiliza dispositivos de implantaci\u00f3n de cookies y almacenamiento de IP.<\/p>\n<p class=\"western\" lang=\"fr-FR\" align=\"justify\"><span lang=\"es-ES\">La cookie es un fichero que depositamos en tu equipo, y cuyo \u00fanico objetivo es simplificar tu navegaci\u00f3n en www.opyce.com (esta cookie no puede contener virus ni ser ejecutada, porque no es un fichero activo). La cookie s\u00f3lo puede ser le\u00edda por opyce.com y por ti, y puedes borrarla si lo deseas, accediendo a la opciones de tu navegador.<\/span><\/p>\n<h3 class=\"western\" lang=\"es-ES\" align=\"justify\">7. Otras Condiciones.<\/h3>\n<p class=\"western\" lang=\"fr-FR\" align=\"justify\"><span lang=\"es-ES\">Las presentes Condiciones Generales de Utilizaci\u00f3n y todas las relaciones que se establezcan entre el usuario y OPYCE, S.A. se regir\u00e1n por la legislaci\u00f3n espa\u00f1ola.<\/span><\/p>\n<p class=\"western\" lang=\"es-ES\" align=\"justify\">La utilizaci\u00f3n del sitio web implica la aceptaci\u00f3n de las anteriores Condiciones Generales de Utilizaci\u00f3n.<\/p>\n<h3 class=\"western\" lang=\"es-ES\" align=\"justify\">8. Legislaci\u00f3n y Jurisdicci\u00f3n Aplicable.<\/h3>\n<p class=\"western\" lang=\"es-ES\" align=\"justify\">El presente Aviso Legal se rige por la normativa espa\u00f1ola vigente que le es de aplicaci\u00f3n.<\/p>\n<p class=\"western\" lang=\"es-ES\" align=\"justify\">Para la resoluci\u00f3n de las controversias que pudieran derivarse como consecuencia de lo dispuesto en las presentes disposiciones y sobre su interpretaci\u00f3n, aplicaci\u00f3n y cumplimiento. El usuario, en virtud de la aceptaci\u00f3n de las condiciones recogidas en este Aviso legal, renuncia expresamente a cualquier otro fuero que pudiera corresponderle.<\/p>\n<p class=\"western\" lang=\"fr-FR\" align=\"justify\"><span lang=\"es-ES\">En cualquier caso, dentro de la jurisdicci\u00f3n espa\u00f1ola, si la legislaci\u00f3n permitiese someterse a un fuero en concreto, el usuario renuncia expresamente al fuero que pudiera corresponderle y se somete voluntariamente a la jurisdicci\u00f3n de los Juzgados y Tribunales de Granollers (Barcelona).<\/span><\/p>\n","protected":false},"excerpt":{"rendered":"<p>Responsable del sitio web En cumplimiento con el deber de informaci\u00f3n recogido en art\u00edculo 10 de la Ley 34\/2002, de 11 de julio, de Servicios de la Sociedad de la Informaci\u00f3n y del Comercio Electr\u00f3nico, los datos aqu\u00ed consignados corresponden a la entidad titular de esta Web\u00a0www.opyce.com Titular: OPYCE, S.A. Domicilio social:\u00a008402 \u2013 Granollers (Barcelona), [&hellip;]<\/p>\n","protected":false},"author":1,"featured_media":0,"parent":0,"menu_order":0,"comment_status":"closed","ping_status":"closed","template":"page-legal.php","meta":{"_acf_changed":false,"footnotes":""},"class_list":["post-954","page","type-page","status-publish","hentry"],"acf":[],"yoast_head":"<!-- This site is optimized with the Yoast SEO plugin v24.3 - https:\/\/yoast.com\/wordpress\/plugins\/seo\/ -->\n<title>Legal notice - Opyce - Servicios El\u00e9ctricos<\/title>\n<meta name=\"robots\" content=\"index, follow, max-snippet:-1, max-image-preview:large, max-video-preview:-1\" \/>\n<link rel=\"canonical\" href=\"https:\/\/opyce.com\/en\/aviso-legal\/\" \/>\n<meta property=\"og:locale\" content=\"en_US\" \/>\n<meta property=\"og:type\" content=\"article\" \/>\n<meta property=\"og:title\" content=\"Legal notice - Opyce - Servicios El\u00e9ctricos\" \/>\n<meta property=\"og:description\" content=\"Responsable del sitio web En cumplimiento con el deber de informaci\u00f3n recogido en art\u00edculo 10 de la Ley 34\/2002, de 11 de julio, de Servicios de la Sociedad de la Informaci\u00f3n y del Comercio Electr\u00f3nico, los datos aqu\u00ed consignados corresponden a la entidad titular de esta Web\u00a0www.opyce.com Titular: OPYCE, S.A. Domicilio social:\u00a008402 \u2013 Granollers (Barcelona), [&hellip;]\" \/>\n<meta property=\"og:url\" content=\"https:\/\/opyce.com\/en\/aviso-legal\/\" \/>\n<meta property=\"og:site_name\" content=\"Opyce - Servicios El\u00e9ctricos\" \/>\n<meta property=\"article:modified_time\" content=\"2022-05-25T15:58:48+00:00\" \/>\n<meta name=\"twitter:card\" content=\"summary_large_image\" \/>\n<meta name=\"twitter:label1\" content=\"Est. reading time\" \/>\n\t<meta name=\"twitter:data1\" content=\"6 minutes\" \/>\n<script type=\"application\/ld+json\" class=\"yoast-schema-graph\">{\"@context\":\"https:\/\/schema.org\",\"@graph\":[{\"@type\":\"WebPage\",\"@id\":\"https:\/\/opyce.com\/en\/aviso-legal\/\",\"url\":\"https:\/\/opyce.com\/en\/aviso-legal\/\",\"name\":\"Legal notice - Opyce - Servicios El\u00e9ctricos\",\"isPartOf\":{\"@id\":\"https:\/\/opyce.com\/#website\"},\"datePublished\":\"2021-09-21T06:34:58+00:00\",\"dateModified\":\"2022-05-25T15:58:48+00:00\",\"breadcrumb\":{\"@id\":\"https:\/\/opyce.com\/en\/aviso-legal\/#breadcrumb\"},\"inLanguage\":\"en-US\",\"potentialAction\":[{\"@type\":\"ReadAction\",\"target\":[\"https:\/\/opyce.com\/en\/aviso-legal\/\"]}]},{\"@type\":\"BreadcrumbList\",\"@id\":\"https:\/\/opyce.com\/en\/aviso-legal\/#breadcrumb\",\"itemListElement\":[{\"@type\":\"ListItem\",\"position\":1,\"name\":\"Inici\",\"item\":\"https:\/\/opyce.com\/en\/inici-2\/\"},{\"@type\":\"ListItem\",\"position\":2,\"name\":\"Legal notice\"}]},{\"@type\":\"WebSite\",\"@id\":\"https:\/\/opyce.com\/#website\",\"url\":\"https:\/\/opyce.com\/\",\"name\":\"Opyce - Servicios El\u00e9ctricos\",\"description\":\"Servicios El\u00e9ctricos\",\"potentialAction\":[{\"@type\":\"SearchAction\",\"target\":{\"@type\":\"EntryPoint\",\"urlTemplate\":\"https:\/\/opyce.com\/?s={search_term_string}\"},\"query-input\":{\"@type\":\"PropertyValueSpecification\",\"valueRequired\":true,\"valueName\":\"search_term_string\"}}],\"inLanguage\":\"en-US\"}]}<\/script>\n<!-- \/ Yoast SEO plugin. -->","yoast_head_json":{"title":"Legal notice - Opyce - Servicios El\u00e9ctricos","robots":{"index":"index","follow":"follow","max-snippet":"max-snippet:-1","max-image-preview":"max-image-preview:large","max-video-preview":"max-video-preview:-1"},"canonical":"https:\/\/opyce.com\/en\/aviso-legal\/","og_locale":"en_US","og_type":"article","og_title":"Legal notice - Opyce - Servicios El\u00e9ctricos","og_description":"Responsable del sitio web En cumplimiento con el deber de informaci\u00f3n recogido en art\u00edculo 10 de la Ley 34\/2002, de 11 de julio, de Servicios de la Sociedad de la Informaci\u00f3n y del Comercio Electr\u00f3nico, los datos aqu\u00ed consignados corresponden a la entidad titular de esta Web\u00a0www.opyce.com Titular: OPYCE, S.A. Domicilio social:\u00a008402 \u2013 Granollers (Barcelona), [&hellip;]","og_url":"https:\/\/opyce.com\/en\/aviso-legal\/","og_site_name":"Opyce - Servicios El\u00e9ctricos","article_modified_time":"2022-05-25T15:58:48+00:00","twitter_card":"summary_large_image","twitter_misc":{"Est. reading time":"6 minutes"},"schema":{"@context":"https:\/\/schema.org","@graph":[{"@type":"WebPage","@id":"https:\/\/opyce.com\/en\/aviso-legal\/","url":"https:\/\/opyce.com\/en\/aviso-legal\/","name":"Legal notice - Opyce - Servicios El\u00e9ctricos","isPartOf":{"@id":"https:\/\/opyce.com\/#website"},"datePublished":"2021-09-21T06:34:58+00:00","dateModified":"2022-05-25T15:58:48+00:00","breadcrumb":{"@id":"https:\/\/opyce.com\/en\/aviso-legal\/#breadcrumb"},"inLanguage":"en-US","potentialAction":[{"@type":"ReadAction","target":["https:\/\/opyce.com\/en\/aviso-legal\/"]}]},{"@type":"BreadcrumbList","@id":"https:\/\/opyce.com\/en\/aviso-legal\/#breadcrumb","itemListElement":[{"@type":"ListItem","position":1,"name":"Inici","item":"https:\/\/opyce.com\/en\/inici-2\/"},{"@type":"ListItem","position":2,"name":"Legal notice"}]},{"@type":"WebSite","@id":"https:\/\/opyce.com\/#website","url":"https:\/\/opyce.com\/","name":"Opyce - Servicios El\u00e9ctricos","description":"Servicios El\u00e9ctricos","potentialAction":[{"@type":"SearchAction","target":{"@type":"EntryPoint","urlTemplate":"https:\/\/opyce.com\/?s={search_term_string}"},"query-input":{"@type":"PropertyValueSpecification","valueRequired":true,"valueName":"search_term_string"}}],"inLanguage":"en-US"}]}},"_links":{"self":[{"href":"https:\/\/opyce.com\/en\/wp-json\/wp\/v2\/pages\/954","targetHints":{"allow":["GET"]}}],"collection":[{"href":"https:\/\/opyce.com\/en\/wp-json\/wp\/v2\/pages"}],"about":[{"href":"https:\/\/opyce.com\/en\/wp-json\/wp\/v2\/types\/page"}],"author":[{"embeddable":true,"href":"https:\/\/opyce.com\/en\/wp-json\/wp\/v2\/users\/1"}],"replies":[{"embeddable":true,"href":"https:\/\/opyce.com\/en\/wp-json\/wp\/v2\/comments?post=954"}],"version-history":[{"count":1,"href":"https:\/\/opyce.com\/en\/wp-json\/wp\/v2\/pages\/954\/revisions"}],"predecessor-version":[{"id":1049,"href":"https:\/\/opyce.com\/en\/wp-json\/wp\/v2\/pages\/954\/revisions\/1049"}],"wp:attachment":[{"href":"https:\/\/opyce.com\/en\/wp-json\/wp\/v2\/media?parent=954"}],"curies":[{"name":"wp","href":"https:\/\/api.w.org\/{rel}","templated":true}]}}